{"id":3064,"date":"2021-11-05T12:59:04","date_gmt":"2021-11-05T11:59:04","guid":{"rendered":"https:\/\/moanawagner.com\/?post_type=product&#038;p=3064"},"modified":"2025-06-30T12:03:57","modified_gmt":"2025-06-30T10:03:57","slug":"videokurs-zum-buch","status":"publish","type":"product","link":"https:\/\/moanawagner.com\/en\/shop\/videokurs-zum-buch\/","title":{"rendered":"Videokurs zum Buch"},"content":{"rendered":"<div data-elementor-type=\"product-post\" data-elementor-id=\"3064\" class=\"elementor elementor-3064\" data-elementor-post-type=\"product\">\n\t\t\t\t<div class=\"elementor-element elementor-element-659cc8e2 e-flex e-con-boxed e-con e-parent\" data-id=\"659cc8e2\" data-element_type=\"container\" data-e-type=\"container\">\n\t\t\t\t\t<div class=\"e-con-inner\">\n\t\t\t\t<div class=\"elementor-element elementor-element-13b28a68 elementor-widget elementor-widget-text-editor\" data-id=\"13b28a68\" data-element_type=\"widget\" data-e-type=\"widget\" data-widget_type=\"text-editor.default\">\n\t\t\t\t\t\t\t\t\t<p style=\"font-size: 18px; font-style: normal; font-weight: 400;\">Herzlich willkommen beim visuellen Nachschlagewerk, dem Videokurs zu <a href=\"https:\/\/www.amazon.de\/s?k=face+yoga&amp;hidden-keywords=3982370000&amp;ref=nb_sb_noss_1\" target=\"_blank\" rel=\"noopener\" style=\"background-color: rgb(245, 245, 245); color: rgb(213, 185, 112); outline: 0px;\">meinem Buch &#8222;Face Yoga &#8211; Strahlend sch\u00f6n in jedem Alter&#8220;<\/a>. Der Kurs ist ausschlie\u00dflich daf\u00fcr gemacht, dich bei der Umsetzung all der \u00dcbungen und Tools aus dem Buch zu unterst\u00fctzen.<\/p><p style=\"font-size: 18px; font-style: normal; font-weight: 400;\">Im Buch findest du die Beschreibungen &#8211; im Videokurs die visuelle Umsetzung zum Nachsehen und Mitmachen.<\/p><p style=\"font-size: 18px; font-style: normal; font-weight: 400;\">In diesem Onlinekurs findest du die einzelnen Videos zu allen Praxisbeispielen aus dem Buch:<\/p><ul style=\"font-size: 18px; font-style: normal; font-weight: 400;\"><li style=\"font-size: 18px;\">Face Yoga<\/li><li style=\"font-size: 18px;\">Gesichtsmassage<\/li><li style=\"font-size: 18px;\">Gua Sha<\/li><li style=\"font-size: 18px;\">Beauty Taping<\/li><li style=\"font-size: 18px;\">Extra: Cupping<\/li><\/ul><p>Wenn du <a href=\"https:\/\/www.amazon.de\/s?k=face+yoga&amp;hidden-keywords=3982370000&amp;ref=nb_sb_noss_1\" target=\"_blank\" rel=\"noopener\">mein Buch &#8222;Face Yoga &#8211; Strahlend sch\u00f6n in jedem Alter&#8220;<\/a> bereits gekauft hast, findest du in diesem Kurs die dazugeh\u00f6rigen Videos. Um den Kurs zu belegen, pack in bitte jetzt in den Warenkorb, geh zur Kasse und benutze dort den Gutscheincode, den du im Buch findest.<\/p>\n<p>Mit dem Gutscheincode kannst du diesen Kurs kostenlos belegen. Nach deiner erfolgreichen Bestellung und Best\u00e4tigung deines Benutzerkontos, kannst du dich jederzeit hier auf der Seite (LERTPORTAL) einloggen und dir die einzelnen Videos zu den Kapitel ansehen.<\/p><ul>\n<\/ul>\n<p>Ich w\u00fcnsche dir viel Freude mit deiner neuen Beauty- &amp; Wohlf\u00fchlroutine!<\/p>\t\t\t\t\t\t\t\t<\/div>\n\t\t\t\t\t<\/div>\n\t\t\t\t<\/div>\n\t\t\t\t<\/div>","protected":false},"excerpt":{"rendered":"<p>In diesem Onlinekurs findest du die einzelnen Videos zum meinem <a href=\"https:\/\/www.amazon.de\/s?k=face+yoga&amp;hidden-keywords=3982370000&amp;ref=nb_sb_noss_1\" target=\"_blank\" rel=\"noopener\">Buch &#8222;Face Yoga &#8211; Strahlend sch\u00f6n in jedem Alter&#8220;<\/a>, dass du hier erwerben kannst. <strong>Mit dem Gutscheincode aus dem Buch kannst du diesen kurs kostenlos belegen.<\/strong><\/p>","protected":false},"featured_media":3086,"comment_status":"open","ping_status":"closed","template":"","meta":{"site-sidebar-layout":"default","site-content-layout":"default","ast-site-content-layout":"default","site-content-style":"default","site-sidebar-style":"default","ast-global-header-display":"","ast-banner-title-visibility":"","ast-main-header-display":"","ast-hfb-above-header-display":"","ast-hfb-below-header-display":"","ast-hfb-mobile-header-display":"","site-post-title":"","ast-breadcrumbs-content":"","ast-featured-img":"","footer-sml-layout":"","ast-disable-related-posts":"","theme-transparent-header-meta":"default","adv-header-id-meta":"","stick-header-meta":"","header-above-stick-meta":"","header-main-stick-meta":"","header-below-stick-meta":"","astra-migrate-meta-layouts":"set","ast-page-background-enabled":"default","ast-page-background-meta":{"desktop":{"background-color":"var(--ast-global-color-4)","background-image":"","background-repeat":"repeat","background-position":"center center","background-size":"auto","background-attachment":"scroll","background-type":"","background-media":"","overlay-type":"","overlay-color":"","overlay-opacity":"","overlay-gradient":""},"tablet":{"background-color":"","background-image":"","background-repeat":"repeat","background-position":"center center","background-size":"auto","background-attachment":"scroll","background-type":"","background-media":"","overlay-type":"","overlay-color":"","overlay-opacity":"","overlay-gradient":""},"mobile":{"background-color":"","background-image":"","background-repeat":"repeat","background-position":"center center","background-size":"auto","background-attachment":"scroll","background-type":"","background-media":"","overlay-type":"","overlay-color":"","overlay-opacity":"","overlay-gradient":""}},"ast-content-background-meta":{"desktop":{"background-color":"var(--ast-global-color-5)","background-image":"","background-repeat":"repeat","background-position":"center center","background-size":"auto","background-attachment":"scroll","background-type":"","background-media":"","overlay-type":"","overlay-color":"","overlay-opacity":"","overlay-gradient":""},"tablet":{"background-color":"var(--ast-global-color-5)","background-image":"","background-repeat":"repeat","background-position":"center center","background-size":"auto","background-attachment":"scroll","background-type":"","background-media":"","overlay-type":"","overlay-color":"","overlay-opacity":"","overlay-gradient":""},"mobile":{"background-color":"var(--ast-global-color-5)","background-image":"","background-repeat":"repeat","background-position":"center center","background-size":"auto","background-attachment":"scroll","background-type":"","background-media":"","overlay-type":"","overlay-color":"","overlay-opacity":"","overlay-gradient":""}}},"product_brand":[],"product_cat":[32],"product_tag":[],"class_list":{"0":"post-3064","1":"product","2":"type-product","3":"status-publish","4":"has-post-thumbnail","6":"product_cat-kurse","7":"desktop-align-left","8":"tablet-align-left","9":"mobile-align-left","11":"first","12":"instock","13":"downloadable","14":"virtual","15":"purchasable","16":"product-type-simple"},"yoast_head":"<!-- This site is optimized with the Yoast SEO plugin v27.4 - https:\/\/yoast.com\/product\/yoast-seo-wordpress\/ -->\n<title>Videokurs zum Buch - Moana Wagner<\/title>\n<meta name=\"description\" content=\"Zu meinem Buch &quot;Face Yoga - Strahlend sch\u00f6n in jedem Alter&quot;, findest du in diesem Kurs die dazugeh\u00f6rigen Videos. Um den Kurs zu belegen, pack in bitte jetzt in den Warenkorb, geh zur Kasse und benutze dort den Gutscheincode, den du im Buch findest. Viel Freude mit deiner neuen Beauty-Routine!\" \/>\n<meta name=\"robots\" content=\"noindex, nofollow\" \/>\n<meta property=\"og:locale\" content=\"en_US\" \/>\n<meta property=\"og:type\" content=\"article\" \/>\n<meta property=\"og:title\" content=\"Videokurs zum Buch - Moana Wagner\" \/>\n<meta property=\"og:description\" content=\"Zu meinem Buch &quot;Face Yoga - Strahlend sch\u00f6n in jedem Alter&quot;, findest du in diesem Kurs die dazugeh\u00f6rigen Videos. Um den Kurs zu belegen, pack in bitte jetzt in den Warenkorb, geh zur Kasse und benutze dort den Gutscheincode, den du im Buch findest. Viel Freude mit deiner neuen Beauty-Routine!\" \/>\n<meta property=\"og:url\" content=\"https:\/\/moanawagner.com\/en\/shop\/videokurs-zum-buch\/\" \/>\n<meta property=\"og:site_name\" content=\"Moana Wagner\" \/>\n<meta property=\"article:modified_time\" content=\"2025-06-30T10:03:57+00:00\" \/>\n<meta property=\"og:image\" content=\"https:\/\/moanawagner.com\/wp-content\/uploads\/2021\/11\/Mockup-TB-EB-FaceYoga-Carolin.jpg\" \/>\n\t<meta property=\"og:image:width\" content=\"2201\" \/>\n\t<meta property=\"og:image:height\" content=\"2120\" \/>\n\t<meta property=\"og:image:type\" content=\"image\/jpeg\" \/>\n<meta name=\"twitter:card\" content=\"summary_large_image\" \/>\n<script type=\"application\/ld+json\" class=\"yoast-schema-graph\">{\"@context\":\"https:\\\/\\\/schema.org\",\"@graph\":[{\"@type\":\"WebPage\",\"@id\":\"https:\\\/\\\/moanawagner.com\\\/shop\\\/videokurs-zum-buch\\\/\",\"url\":\"https:\\\/\\\/moanawagner.com\\\/shop\\\/videokurs-zum-buch\\\/\",\"name\":\"Videokurs zum Buch - Moana Wagner\",\"isPartOf\":{\"@id\":\"https:\\\/\\\/moanawagner.com\\\/#website\"},\"primaryImageOfPage\":{\"@id\":\"https:\\\/\\\/moanawagner.com\\\/shop\\\/videokurs-zum-buch\\\/#primaryimage\"},\"image\":{\"@id\":\"https:\\\/\\\/moanawagner.com\\\/shop\\\/videokurs-zum-buch\\\/#primaryimage\"},\"thumbnailUrl\":\"https:\\\/\\\/moanawagner.com\\\/wp-content\\\/uploads\\\/2021\\\/11\\\/Mockup-TB-EB-FaceYoga-Carolin.jpg\",\"datePublished\":\"2021-11-05T11:59:04+00:00\",\"dateModified\":\"2025-06-30T10:03:57+00:00\",\"description\":\"Zu meinem Buch \\\"Face Yoga - Strahlend sch\u00f6n in jedem Alter\\\", findest du in diesem Kurs die dazugeh\u00f6rigen Videos. Um den Kurs zu belegen, pack in bitte jetzt in den Warenkorb, geh zur Kasse und benutze dort den Gutscheincode, den du im Buch findest. Viel Freude mit deiner neuen Beauty-Routine!\",\"breadcrumb\":{\"@id\":\"https:\\\/\\\/moanawagner.com\\\/shop\\\/videokurs-zum-buch\\\/#breadcrumb\"},\"inLanguage\":\"en-US\",\"potentialAction\":[{\"@type\":\"ReadAction\",\"target\":[\"https:\\\/\\\/moanawagner.com\\\/shop\\\/videokurs-zum-buch\\\/\"]}]},{\"@type\":\"ImageObject\",\"inLanguage\":\"en-US\",\"@id\":\"https:\\\/\\\/moanawagner.com\\\/shop\\\/videokurs-zum-buch\\\/#primaryimage\",\"url\":\"https:\\\/\\\/moanawagner.com\\\/wp-content\\\/uploads\\\/2021\\\/11\\\/Mockup-TB-EB-FaceYoga-Carolin.jpg\",\"contentUrl\":\"https:\\\/\\\/moanawagner.com\\\/wp-content\\\/uploads\\\/2021\\\/11\\\/Mockup-TB-EB-FaceYoga-Carolin.jpg\",\"width\":2201,\"height\":2120},{\"@type\":\"BreadcrumbList\",\"@id\":\"https:\\\/\\\/moanawagner.com\\\/shop\\\/videokurs-zum-buch\\\/#breadcrumb\",\"itemListElement\":[{\"@type\":\"ListItem\",\"position\":1,\"name\":\"Startseite\",\"item\":\"https:\\\/\\\/moanawagner.com\\\/\"},{\"@type\":\"ListItem\",\"position\":2,\"name\":\"Shop\",\"item\":\"https:\\\/\\\/moanawagner.com\\\/shop\\\/\"},{\"@type\":\"ListItem\",\"position\":3,\"name\":\"Kurse\",\"item\":\"https:\\\/\\\/moanawagner.com\\\/pk\\\/kurse\\\/\"},{\"@type\":\"ListItem\",\"position\":4,\"name\":\"Videokurs zum Buch\"}]},{\"@type\":\"WebSite\",\"@id\":\"https:\\\/\\\/moanawagner.com\\\/#website\",\"url\":\"https:\\\/\\\/moanawagner.com\\\/\",\"name\":\"Moana Wagner\",\"description\":\"Face Yoga &amp; TCM - Empower your Goddess\",\"potentialAction\":[{\"@type\":\"SearchAction\",\"target\":{\"@type\":\"EntryPoint\",\"urlTemplate\":\"https:\\\/\\\/moanawagner.com\\\/?s={search_term_string}\"},\"query-input\":{\"@type\":\"PropertyValueSpecification\",\"valueRequired\":true,\"valueName\":\"search_term_string\"}}],\"inLanguage\":\"en-US\"}]}<\/script>\n<!-- \/ Yoast SEO plugin. -->","yoast_head_json":{"title":"Videokurs zum Buch - Moana Wagner","description":"Zu meinem Buch \"Face Yoga - Strahlend sch\u00f6n in jedem Alter\", findest du in diesem Kurs die dazugeh\u00f6rigen Videos. Um den Kurs zu belegen, pack in bitte jetzt in den Warenkorb, geh zur Kasse und benutze dort den Gutscheincode, den du im Buch findest. Viel Freude mit deiner neuen Beauty-Routine!","robots":{"index":"noindex","follow":"nofollow"},"og_locale":"en_US","og_type":"article","og_title":"Videokurs zum Buch - Moana Wagner","og_description":"Zu meinem Buch \"Face Yoga - Strahlend sch\u00f6n in jedem Alter\", findest du in diesem Kurs die dazugeh\u00f6rigen Videos. Um den Kurs zu belegen, pack in bitte jetzt in den Warenkorb, geh zur Kasse und benutze dort den Gutscheincode, den du im Buch findest. Viel Freude mit deiner neuen Beauty-Routine!","og_url":"https:\/\/moanawagner.com\/en\/shop\/videokurs-zum-buch\/","og_site_name":"Moana Wagner","article_modified_time":"2025-06-30T10:03:57+00:00","og_image":[{"width":2201,"height":2120,"url":"https:\/\/moanawagner.com\/wp-content\/uploads\/2021\/11\/Mockup-TB-EB-FaceYoga-Carolin.jpg","type":"image\/jpeg"}],"twitter_card":"summary_large_image","schema":{"@context":"https:\/\/schema.org","@graph":[{"@type":"WebPage","@id":"https:\/\/moanawagner.com\/shop\/videokurs-zum-buch\/","url":"https:\/\/moanawagner.com\/shop\/videokurs-zum-buch\/","name":"Videokurs zum Buch - Moana Wagner","isPartOf":{"@id":"https:\/\/moanawagner.com\/#website"},"primaryImageOfPage":{"@id":"https:\/\/moanawagner.com\/shop\/videokurs-zum-buch\/#primaryimage"},"image":{"@id":"https:\/\/moanawagner.com\/shop\/videokurs-zum-buch\/#primaryimage"},"thumbnailUrl":"https:\/\/moanawagner.com\/wp-content\/uploads\/2021\/11\/Mockup-TB-EB-FaceYoga-Carolin.jpg","datePublished":"2021-11-05T11:59:04+00:00","dateModified":"2025-06-30T10:03:57+00:00","description":"Zu meinem Buch \"Face Yoga - Strahlend sch\u00f6n in jedem Alter\", findest du in diesem Kurs die dazugeh\u00f6rigen Videos. Um den Kurs zu belegen, pack in bitte jetzt in den Warenkorb, geh zur Kasse und benutze dort den Gutscheincode, den du im Buch findest. Viel Freude mit deiner neuen Beauty-Routine!","breadcrumb":{"@id":"https:\/\/moanawagner.com\/shop\/videokurs-zum-buch\/#breadcrumb"},"inLanguage":"en-US","potentialAction":[{"@type":"ReadAction","target":["https:\/\/moanawagner.com\/shop\/videokurs-zum-buch\/"]}]},{"@type":"ImageObject","inLanguage":"en-US","@id":"https:\/\/moanawagner.com\/shop\/videokurs-zum-buch\/#primaryimage","url":"https:\/\/moanawagner.com\/wp-content\/uploads\/2021\/11\/Mockup-TB-EB-FaceYoga-Carolin.jpg","contentUrl":"https:\/\/moanawagner.com\/wp-content\/uploads\/2021\/11\/Mockup-TB-EB-FaceYoga-Carolin.jpg","width":2201,"height":2120},{"@type":"BreadcrumbList","@id":"https:\/\/moanawagner.com\/shop\/videokurs-zum-buch\/#breadcrumb","itemListElement":[{"@type":"ListItem","position":1,"name":"Startseite","item":"https:\/\/moanawagner.com\/"},{"@type":"ListItem","position":2,"name":"Shop","item":"https:\/\/moanawagner.com\/shop\/"},{"@type":"ListItem","position":3,"name":"Kurse","item":"https:\/\/moanawagner.com\/pk\/kurse\/"},{"@type":"ListItem","position":4,"name":"Videokurs zum Buch"}]},{"@type":"WebSite","@id":"https:\/\/moanawagner.com\/#website","url":"https:\/\/moanawagner.com\/","name":"Moana Wagner","description":"Face Yoga &amp; TCM - Empower your Goddess","potentialAction":[{"@type":"SearchAction","target":{"@type":"EntryPoint","urlTemplate":"https:\/\/moanawagner.com\/?s={search_term_string}"},"query-input":{"@type":"PropertyValueSpecification","valueRequired":true,"valueName":"search_term_string"}}],"inLanguage":"en-US"}]}},"jetpack_sharing_enabled":true,"_links":{"self":[{"href":"https:\/\/moanawagner.com\/en\/wp-json\/wp\/v2\/product\/3064","targetHints":{"allow":["GET"]}}],"collection":[{"href":"https:\/\/moanawagner.com\/en\/wp-json\/wp\/v2\/product"}],"about":[{"href":"https:\/\/moanawagner.com\/en\/wp-json\/wp\/v2\/types\/product"}],"replies":[{"embeddable":true,"href":"https:\/\/moanawagner.com\/en\/wp-json\/wp\/v2\/comments?post=3064"}],"version-history":[{"count":12,"href":"https:\/\/moanawagner.com\/en\/wp-json\/wp\/v2\/product\/3064\/revisions"}],"predecessor-version":[{"id":7374,"href":"https:\/\/moanawagner.com\/en\/wp-json\/wp\/v2\/product\/3064\/revisions\/7374"}],"wp:featuredmedia":[{"embeddable":true,"href":"https:\/\/moanawagner.com\/en\/wp-json\/wp\/v2\/media\/3086"}],"wp:attachment":[{"href":"https:\/\/moanawagner.com\/en\/wp-json\/wp\/v2\/media?parent=3064"}],"wp:term":[{"taxonomy":"product_brand","embeddable":true,"href":"https:\/\/moanawagner.com\/en\/wp-json\/wp\/v2\/product_brand?post=3064"},{"taxonomy":"product_cat","embeddable":true,"href":"https:\/\/moanawagner.com\/en\/wp-json\/wp\/v2\/product_cat?post=3064"},{"taxonomy":"product_tag","embeddable":true,"href":"https:\/\/moanawagner.com\/en\/wp-json\/wp\/v2\/product_tag?post=3064"}],"curies":[{"name":"wp","href":"https:\/\/api.w.org\/{rel}","templated":true}]}}