{"id":989,"date":"2021-02-14T09:15:56","date_gmt":"2021-02-14T08:15:56","guid":{"rendered":"https:\/\/moanawagner.com\/?page_id=989"},"modified":"2022-03-02T17:24:17","modified_gmt":"2022-03-02T16:24:17","slug":"face-2-face-coaching","status":"publish","type":"page","link":"https:\/\/moanawagner.com\/en\/angebote\/face-2-face-coaching\/","title":{"rendered":"FACE 2 FACE Coaching"},"content":{"rendered":"<div data-elementor-type=\"wp-page\" data-elementor-id=\"989\" class=\"elementor elementor-989\" data-elementor-post-type=\"page\">\n\t\t\t\t\t\t<main class=\"elementor-section elementor-top-section elementor-element elementor-element-030c3ae elementor-section-height-min-height elementor-section-items-bottom elementor-section-boxed elementor-section-height-default\" data-id=\"030c3ae\" data-element_type=\"section\" data-e-type=\"section\" data-settings=\"{&quot;background_background&quot;:&quot;classic&quot;}\">\n\t\t\t\t\t\t<div class=\"elementor-container elementor-column-gap-default\">\n\t\t\t\t\t<div class=\"elementor-column elementor-col-100 elementor-top-column elementor-element elementor-element-a2f4c67\" data-id=\"a2f4c67\" data-element_type=\"column\" data-e-type=\"column\">\n\t\t\t<div class=\"elementor-widget-wrap elementor-element-populated\">\n\t\t\t\t\t\t<div class=\"elementor-element elementor-element-e84d98f elementor-widget elementor-widget-heading\" data-id=\"e84d98f\" data-element_type=\"widget\" data-e-type=\"widget\" data-widget_type=\"heading.default\">\n\t\t\t\t\t<h1 class=\"elementor-heading-title elementor-size-default\">Face 2 Face Coaching<\/h1>\t\t\t\t<\/div>\n\t\t\t\t<div class=\"elementor-element elementor-element-406cf98 elementor-widget elementor-widget-heading\" data-id=\"406cf98\" data-element_type=\"widget\" data-e-type=\"widget\" data-widget_type=\"heading.default\">\n\t\t\t\t\t<h1 class=\"elementor-heading-title elementor-size-default\">pers\u00f6nliche &amp; Individuelle Beratung<\/h1>\t\t\t\t<\/div>\n\t\t\t\t<div class=\"elementor-element elementor-element-5def52f elementor-align-right elementor-mobile-align-right elementor-widget elementor-widget-button\" data-id=\"5def52f\" data-element_type=\"widget\" data-e-type=\"widget\" data-widget_type=\"button.default\">\n\t\t\t\t\t\t\t\t\t\t<a class=\"elementor-button elementor-button-link elementor-size-sm\" href=\"#mehr\">\n\t\t\t\t\t\t<span class=\"elementor-button-content-wrapper\">\n\t\t\t\t\t\t\t\t\t<span class=\"elementor-button-text\">mehr erfahren<\/span>\n\t\t\t\t\t<\/span>\n\t\t\t\t\t<\/a>\n\t\t\t\t\t\t\t\t<\/div>\n\t\t\t\t<div class=\"elementor-element elementor-element-5c46baa elementor-widget elementor-widget-spacer\" data-id=\"5c46baa\" data-element_type=\"widget\" data-e-type=\"widget\" data-widget_type=\"spacer.default\">\n\t\t\t\t\t\t\t<div class=\"elementor-spacer\">\n\t\t\t<div class=\"elementor-spacer-inner\"><\/div>\n\t\t<\/div>\n\t\t\t\t\t\t<\/div>\n\t\t\t\t\t<\/div>\n\t\t<\/div>\n\t\t\t\t\t<\/div>\n\t\t<\/main>\n\t\t\t\t<section class=\"elementor-section elementor-top-section elementor-element elementor-element-87fa035 elementor-section-boxed elementor-section-height-default elementor-section-height-default\" data-id=\"87fa035\" data-element_type=\"section\" data-e-type=\"section\">\n\t\t\t\t\t\t<div class=\"elementor-container elementor-column-gap-no\">\n\t\t\t\t\t<div class=\"elementor-column elementor-col-100 elementor-top-column elementor-element elementor-element-9483012\" data-id=\"9483012\" data-element_type=\"column\" data-e-type=\"column\">\n\t\t\t<div class=\"elementor-widget-wrap elementor-element-populated\">\n\t\t\t\t\t\t<div class=\"elementor-element elementor-element-57e97b5 elementor-widget elementor-widget-menu-anchor\" data-id=\"57e97b5\" data-element_type=\"widget\" data-e-type=\"widget\" data-widget_type=\"menu-anchor.default\">\n\t\t\t\t\t\t\t<div class=\"elementor-menu-anchor\" id=\"mehr\"><\/div>\n\t\t\t\t\t\t<\/div>\n\t\t\t\t\t<\/div>\n\t\t<\/div>\n\t\t\t\t\t<\/div>\n\t\t<\/section>\n\t\t\t\t<main class=\"elementor-section elementor-top-section elementor-element elementor-element-397c06cb elementor-section-boxed elementor-section-height-default elementor-section-height-default\" data-id=\"397c06cb\" data-element_type=\"section\" data-e-type=\"section\">\n\t\t\t\t\t\t<div class=\"elementor-container elementor-column-gap-default\">\n\t\t\t\t\t<div class=\"elementor-column elementor-col-100 elementor-top-column elementor-element elementor-element-10e1f44b\" data-id=\"10e1f44b\" data-element_type=\"column\" data-e-type=\"column\">\n\t\t\t<div class=\"elementor-widget-wrap elementor-element-populated\">\n\t\t\t\t\t\t<div class=\"elementor-element elementor-element-05a8b8b elementor-widget elementor-widget-heading\" data-id=\"05a8b8b\" data-element_type=\"widget\" data-e-type=\"widget\" data-widget_type=\"heading.default\">\n\t\t\t\t\t<h2 class=\"elementor-heading-title elementor-size-default\">FACE 2 FACE Coaching \u2013 individuell auf dich zugeschnitten <\/h2>\t\t\t\t<\/div>\n\t\t\t\t<div class=\"elementor-element elementor-element-1d4b5614 elementor-widget elementor-widget-text-editor\" data-id=\"1d4b5614\" data-element_type=\"widget\" data-e-type=\"widget\" data-widget_type=\"text-editor.default\">\n\t\t\t\t\t\t\t\t\t<ul><li><b>Du hast Fragen?<\/b>\u2028 Fragen nach deinem Gravitationstyp, deiner individuellen Alterung deines Gesichtes, der besten Struktur deines Trainings, der Vertiefung des schon absolvierten Programmes und\/oder Fragen zu Face Mapping, Lebensstil, Balance, Vitalstoffe und Ern\u00e4hrung. Mit dem FACE to FACE Coaching werden <b>all deine Fragen beantwortet<\/b>!<\/li><li><b>Wiederhole alle \u00dcbungen mit mir zusammen.<\/b><br \/>Strukturiere dein Training nach Absolvierung des basic BEAUTY FLOW bestm\u00f6glich f\u00fcr dich.<br \/>Bekomme Tipps, wie dein Gesicht neben dem Face Yoga Training auch w\u00e4hrend der Nacht verj\u00fcngt.<\/li><li>Du willst noch <b>mehr Beauty Tools<\/b>, wie Gua Sha, Schr\u00f6pfen oder Gesichtsmassage in deine Routinen mitaufnehmen und wei\u00dft nicht, wie\u00b4s geht.<br \/>Du hast <b>Fragen zur TCM-Ern\u00e4hrung<\/b>, einer pflanzenbasierten Ern\u00e4hrungsweise, den besten Nahrungserg\u00e4nzungen f\u00fcr dich oder Fragen zu deiner individuellen Lebensweise.<\/li><li>Du willst <b>tiefer eintauchen ins Prinzip des YIN<\/b>, deiner weiblichen Seite und erfahren, wie du diese besser leben kannst.<\/li><li>Du m\u00f6chtest <b>ganzheitlich begleitet werden<\/b> auf deiner Reise als alterslose G\u00f6ttin.<\/li><li>Das Coaching ist individuell auf dich, dein Gesicht und deine Fragen zugeschnitten.<\/li><\/ul>\t\t\t\t\t\t\t\t<\/div>\n\t\t\t\t\t<\/div>\n\t\t<\/div>\n\t\t\t\t\t<\/div>\n\t\t<\/main>\n\t\t\t\t<main class=\"elementor-section elementor-top-section elementor-element elementor-element-c50f6f5 elementor-section-boxed elementor-section-height-default elementor-section-height-default\" data-id=\"c50f6f5\" data-element_type=\"section\" data-e-type=\"section\" data-settings=\"{&quot;background_background&quot;:&quot;classic&quot;}\">\n\t\t\t\t\t\t\t<div class=\"elementor-background-overlay\"><\/div>\n\t\t\t\t\t\t\t<div class=\"elementor-container elementor-column-gap-default\">\n\t\t\t\t\t<div class=\"elementor-column elementor-col-100 elementor-top-column elementor-element elementor-element-ab7cdbc\" data-id=\"ab7cdbc\" data-element_type=\"column\" data-e-type=\"column\">\n\t\t\t<div class=\"elementor-widget-wrap elementor-element-populated\">\n\t\t\t\t\t\t<div class=\"elementor-element elementor-element-9308426 elementor-widget elementor-widget-heading\" data-id=\"9308426\" data-element_type=\"widget\" data-e-type=\"widget\" data-widget_type=\"heading.default\">\n\t\t\t\t\t<h2 class=\"elementor-heading-title elementor-size-default\">FACE 2 FACE Coaching \u2013 so individuell wie du selbst<\/h2>\t\t\t\t<\/div>\n\t\t\t\t<div class=\"elementor-element elementor-element-d0265c3 elementor-widget elementor-widget-text-editor\" data-id=\"d0265c3\" data-element_type=\"widget\" data-e-type=\"widget\" data-widget_type=\"text-editor.default\">\n\t\t\t\t\t\t\t\t\t<p>Lass dein Gesicht nicht h\u00e4ngen und straffe und hebe es genauso, wie du deinen K\u00f6rper durch regelm\u00e4\u00dfiges Training straffst und st\u00e4rkst. Sei es dir wert!<\/p>\t\t\t\t\t\t\t\t<\/div>\n\t\t\t\t\t<\/div>\n\t\t<\/div>\n\t\t\t\t\t<\/div>\n\t\t<\/main>\n\t\t\t\t<main class=\"elementor-section elementor-top-section elementor-element elementor-element-ac284e8 elementor-section-boxed elementor-section-height-default elementor-section-height-default\" data-id=\"ac284e8\" data-element_type=\"section\" data-e-type=\"section\" data-settings=\"{&quot;background_background&quot;:&quot;classic&quot;}\">\n\t\t\t\t\t\t\t<div class=\"elementor-background-overlay\"><\/div>\n\t\t\t\t\t\t\t<div class=\"elementor-container elementor-column-gap-default\">\n\t\t\t\t\t<div class=\"elementor-column elementor-col-100 elementor-top-column elementor-element elementor-element-10d1c91\" data-id=\"10d1c91\" data-element_type=\"column\" data-e-type=\"column\">\n\t\t\t<div class=\"elementor-widget-wrap elementor-element-populated\">\n\t\t\t\t\t\t<div class=\"elementor-element elementor-element-1dcd043 elementor-widget elementor-widget-heading\" data-id=\"1dcd043\" data-element_type=\"widget\" data-e-type=\"widget\" data-widget_type=\"heading.default\">\n\t\t\t\t\t<h2 class=\"elementor-heading-title elementor-size-default\">Buche dir jetzt dein individuelles Face Yoga Beratungsgespr\u00e4ch<\/h2>\t\t\t\t<\/div>\n\t\t\t\t<div class=\"elementor-element elementor-element-3fdcbe7 elementor-mobile-align-justify elementor-widget elementor-widget-button\" data-id=\"3fdcbe7\" data-element_type=\"widget\" data-e-type=\"widget\" data-widget_type=\"button.default\">\n\t\t\t\t\t\t\t\t\t\t<a class=\"elementor-button elementor-button-link elementor-size-sm\" href=\"https:\/\/moanawagner.com\/en\/shop\/face-2-face-coaching\/\">\n\t\t\t\t\t\t<span class=\"elementor-button-content-wrapper\">\n\t\t\t\t\t\t\t\t\t<span class=\"elementor-button-text\">Beratungsgespr\u00e4ch buchen<\/span>\n\t\t\t\t\t<\/span>\n\t\t\t\t\t<\/a>\n\t\t\t\t\t\t\t\t<\/div>\n\t\t\t\t<div class=\"elementor-element elementor-element-3360a83 elementor-widget elementor-widget-text-editor\" data-id=\"3360a83\" data-element_type=\"widget\" data-e-type=\"widget\" data-widget_type=\"text-editor.default\">\n\t\t\t\t\t\t\t\t\tNach dem Klick wirst du direkt auf die Bestellseite weitergeleitet, wo du deine bevorzugte Zahlungsmethode ausw\u00e4hlen kannst. Nach erfolgreicher Bezahlung bekommst du alle Infos und Daten per Mail zugesendet.\n\nWenn du Fragen hast, bin ich gerne f\u00fcr dich da. Schreibe eine e-Mail an <a href=\"mailto:mail@moanawagner.com\">info@moanawagner.com<\/a>\t\t\t\t\t\t\t\t<\/div>\n\t\t\t\t\t<\/div>\n\t\t<\/div>\n\t\t\t\t\t<\/div>\n\t\t<\/main>\n\t\t\t\t<\/div>","protected":false},"excerpt":{"rendered":"<p>Face 2 Face Coaching pers\u00f6nliche &amp; Individuelle Beratung mehr erfahren FACE 2 FACE Coaching \u2013 individuell auf dich zugeschnitten Du hast Fragen?\u2028 Fragen nach deinem Gravitationstyp, deiner individuellen Alterung deines Gesichtes, der besten Struktur deines Trainings, der Vertiefung des schon absolvierten Programmes und\/oder Fragen zu Face Mapping, Lebensstil, Balance, Vitalstoffe und Ern\u00e4hrung. Mit dem FACE [&hellip;]<\/p>\n","protected":false},"author":2,"featured_media":0,"parent":968,"menu_order":0,"comment_status":"closed","ping_status":"closed","template":"elementor_header_footer","meta":{"site-sidebar-layout":"default","site-content-layout":"","ast-site-content-layout":"default","site-content-style":"default","site-sidebar-style":"default","ast-global-header-display":"","ast-banner-title-visibility":"","ast-main-header-display":"","ast-hfb-above-header-display":"","ast-hfb-below-header-display":"","ast-hfb-mobile-header-display":"","site-post-title":"","ast-breadcrumbs-content":"","ast-featured-img":"","footer-sml-layout":"","ast-disable-related-posts":"","theme-transparent-header-meta":"","adv-header-id-meta":"","stick-header-meta":"","header-above-stick-meta":"","header-main-stick-meta":"","header-below-stick-meta":"","astra-migrate-meta-layouts":"default","ast-page-background-enabled":"default","ast-page-background-meta":{"desktop":{"background-color":"var(--ast-global-color-4)","background-image":"","background-repeat":"repeat","background-position":"center center","background-size":"auto","background-attachment":"scroll","background-type":"","background-media":"","overlay-type":"","overlay-color":"","overlay-opacity":"","overlay-gradient":""},"tablet":{"background-color":"","background-image":"","background-repeat":"repeat","background-position":"center center","background-size":"auto","background-attachment":"scroll","background-type":"","background-media":"","overlay-type":"","overlay-color":"","overlay-opacity":"","overlay-gradient":""},"mobile":{"background-color":"","background-image":"","background-repeat":"repeat","background-position":"center center","background-size":"auto","background-attachment":"scroll","background-type":"","background-media":"","overlay-type":"","overlay-color":"","overlay-opacity":"","overlay-gradient":""}},"ast-content-background-meta":{"desktop":{"background-color":"var(--ast-global-color-5)","background-image":"","background-repeat":"repeat","background-position":"center center","background-size":"auto","background-attachment":"scroll","background-type":"","background-media":"","overlay-type":"","overlay-color":"","overlay-opacity":"","overlay-gradient":""},"tablet":{"background-color":"var(--ast-global-color-5)","background-image":"","background-repeat":"repeat","background-position":"center center","background-size":"auto","background-attachment":"scroll","background-type":"","background-media":"","overlay-type":"","overlay-color":"","overlay-opacity":"","overlay-gradient":""},"mobile":{"background-color":"var(--ast-global-color-5)","background-image":"","background-repeat":"repeat","background-position":"center center","background-size":"auto","background-attachment":"scroll","background-type":"","background-media":"","overlay-type":"","overlay-color":"","overlay-opacity":"","overlay-gradient":""}},"footnotes":""},"class_list":["post-989","page","type-page","status-publish","hentry"],"yoast_head":"<!-- This site is optimized with the Yoast SEO plugin v27.3 - https:\/\/yoast.com\/product\/yoast-seo-wordpress\/ -->\n<title>FACE 2 FACE Coaching - Moana Wagner<\/title>\n<meta name=\"robots\" content=\"index, follow, max-snippet:-1, max-image-preview:large, max-video-preview:-1\" \/>\n<link rel=\"canonical\" href=\"https:\/\/moanawagner.com\/en\/angebote\/face-2-face-coaching\/\" \/>\n<meta property=\"og:locale\" content=\"en_US\" \/>\n<meta property=\"og:type\" content=\"article\" \/>\n<meta property=\"og:title\" content=\"FACE 2 FACE Coaching - Moana Wagner\" \/>\n<meta property=\"og:description\" content=\"Face 2 Face Coaching pers\u00f6nliche &amp; Individuelle Beratung mehr erfahren FACE 2 FACE Coaching \u2013 individuell auf dich zugeschnitten Du hast Fragen?\u2028 Fragen nach deinem Gravitationstyp, deiner individuellen Alterung deines Gesichtes, der besten Struktur deines Trainings, der Vertiefung des schon absolvierten Programmes und\/oder Fragen zu Face Mapping, Lebensstil, Balance, Vitalstoffe und Ern\u00e4hrung. Mit dem FACE [&hellip;]\" \/>\n<meta property=\"og:url\" content=\"https:\/\/moanawagner.com\/en\/angebote\/face-2-face-coaching\/\" \/>\n<meta property=\"og:site_name\" content=\"Moana Wagner\" \/>\n<meta property=\"article:modified_time\" content=\"2022-03-02T16:24:17+00:00\" \/>\n<meta name=\"twitter:card\" content=\"summary_large_image\" \/>\n<meta name=\"twitter:label1\" content=\"Est. reading time\" \/>\n\t<meta name=\"twitter:data1\" content=\"2 minutes\" \/>\n<script type=\"application\/ld+json\" class=\"yoast-schema-graph\">{\"@context\":\"https:\\\/\\\/schema.org\",\"@graph\":[{\"@type\":\"WebPage\",\"@id\":\"https:\\\/\\\/moanawagner.com\\\/angebote\\\/face-2-face-coaching\\\/\",\"url\":\"https:\\\/\\\/moanawagner.com\\\/angebote\\\/face-2-face-coaching\\\/\",\"name\":\"FACE 2 FACE Coaching - Moana Wagner\",\"isPartOf\":{\"@id\":\"https:\\\/\\\/moanawagner.com\\\/#website\"},\"datePublished\":\"2021-02-14T08:15:56+00:00\",\"dateModified\":\"2022-03-02T16:24:17+00:00\",\"breadcrumb\":{\"@id\":\"https:\\\/\\\/moanawagner.com\\\/angebote\\\/face-2-face-coaching\\\/#breadcrumb\"},\"inLanguage\":\"en-US\",\"potentialAction\":[{\"@type\":\"ReadAction\",\"target\":[\"https:\\\/\\\/moanawagner.com\\\/angebote\\\/face-2-face-coaching\\\/\"]}]},{\"@type\":\"BreadcrumbList\",\"@id\":\"https:\\\/\\\/moanawagner.com\\\/angebote\\\/face-2-face-coaching\\\/#breadcrumb\",\"itemListElement\":[{\"@type\":\"ListItem\",\"position\":1,\"name\":\"Startseite\",\"item\":\"https:\\\/\\\/moanawagner.com\\\/\"},{\"@type\":\"ListItem\",\"position\":2,\"name\":\"Angebote\",\"item\":\"https:\\\/\\\/moanawagner.com\\\/angebote\\\/\"},{\"@type\":\"ListItem\",\"position\":3,\"name\":\"FACE 2 FACE Coaching\"}]},{\"@type\":\"WebSite\",\"@id\":\"https:\\\/\\\/moanawagner.com\\\/#website\",\"url\":\"https:\\\/\\\/moanawagner.com\\\/\",\"name\":\"Moana Wagner\",\"description\":\"Face Yoga &amp; TCM - Empower your Goddess\",\"potentialAction\":[{\"@type\":\"SearchAction\",\"target\":{\"@type\":\"EntryPoint\",\"urlTemplate\":\"https:\\\/\\\/moanawagner.com\\\/?s={search_term_string}\"},\"query-input\":{\"@type\":\"PropertyValueSpecification\",\"valueRequired\":true,\"valueName\":\"search_term_string\"}}],\"inLanguage\":\"en-US\"}]}<\/script>\n<!-- \/ Yoast SEO plugin. -->","yoast_head_json":{"title":"FACE 2 FACE Coaching - Moana Wagner","robots":{"index":"index","follow":"follow","max-snippet":"max-snippet:-1","max-image-preview":"max-image-preview:large","max-video-preview":"max-video-preview:-1"},"canonical":"https:\/\/moanawagner.com\/en\/angebote\/face-2-face-coaching\/","og_locale":"en_US","og_type":"article","og_title":"FACE 2 FACE Coaching - Moana Wagner","og_description":"Face 2 Face Coaching pers\u00f6nliche &amp; Individuelle Beratung mehr erfahren FACE 2 FACE Coaching \u2013 individuell auf dich zugeschnitten Du hast Fragen?\u2028 Fragen nach deinem Gravitationstyp, deiner individuellen Alterung deines Gesichtes, der besten Struktur deines Trainings, der Vertiefung des schon absolvierten Programmes und\/oder Fragen zu Face Mapping, Lebensstil, Balance, Vitalstoffe und Ern\u00e4hrung. Mit dem FACE [&hellip;]","og_url":"https:\/\/moanawagner.com\/en\/angebote\/face-2-face-coaching\/","og_site_name":"Moana Wagner","article_modified_time":"2022-03-02T16:24:17+00:00","twitter_card":"summary_large_image","twitter_misc":{"Est. reading time":"2 minutes"},"schema":{"@context":"https:\/\/schema.org","@graph":[{"@type":"WebPage","@id":"https:\/\/moanawagner.com\/angebote\/face-2-face-coaching\/","url":"https:\/\/moanawagner.com\/angebote\/face-2-face-coaching\/","name":"FACE 2 FACE Coaching - Moana Wagner","isPartOf":{"@id":"https:\/\/moanawagner.com\/#website"},"datePublished":"2021-02-14T08:15:56+00:00","dateModified":"2022-03-02T16:24:17+00:00","breadcrumb":{"@id":"https:\/\/moanawagner.com\/angebote\/face-2-face-coaching\/#breadcrumb"},"inLanguage":"en-US","potentialAction":[{"@type":"ReadAction","target":["https:\/\/moanawagner.com\/angebote\/face-2-face-coaching\/"]}]},{"@type":"BreadcrumbList","@id":"https:\/\/moanawagner.com\/angebote\/face-2-face-coaching\/#breadcrumb","itemListElement":[{"@type":"ListItem","position":1,"name":"Startseite","item":"https:\/\/moanawagner.com\/"},{"@type":"ListItem","position":2,"name":"Angebote","item":"https:\/\/moanawagner.com\/angebote\/"},{"@type":"ListItem","position":3,"name":"FACE 2 FACE Coaching"}]},{"@type":"WebSite","@id":"https:\/\/moanawagner.com\/#website","url":"https:\/\/moanawagner.com\/","name":"Moana Wagner","description":"Face Yoga &amp; TCM - Empower your Goddess","potentialAction":[{"@type":"SearchAction","target":{"@type":"EntryPoint","urlTemplate":"https:\/\/moanawagner.com\/?s={search_term_string}"},"query-input":{"@type":"PropertyValueSpecification","valueRequired":true,"valueName":"search_term_string"}}],"inLanguage":"en-US"}]}},"jetpack_sharing_enabled":true,"_links":{"self":[{"href":"https:\/\/moanawagner.com\/en\/wp-json\/wp\/v2\/pages\/989","targetHints":{"allow":["GET"]}}],"collection":[{"href":"https:\/\/moanawagner.com\/en\/wp-json\/wp\/v2\/pages"}],"about":[{"href":"https:\/\/moanawagner.com\/en\/wp-json\/wp\/v2\/types\/page"}],"author":[{"embeddable":true,"href":"https:\/\/moanawagner.com\/en\/wp-json\/wp\/v2\/users\/2"}],"replies":[{"embeddable":true,"href":"https:\/\/moanawagner.com\/en\/wp-json\/wp\/v2\/comments?post=989"}],"version-history":[{"count":25,"href":"https:\/\/moanawagner.com\/en\/wp-json\/wp\/v2\/pages\/989\/revisions"}],"predecessor-version":[{"id":3762,"href":"https:\/\/moanawagner.com\/en\/wp-json\/wp\/v2\/pages\/989\/revisions\/3762"}],"up":[{"embeddable":true,"href":"https:\/\/moanawagner.com\/en\/wp-json\/wp\/v2\/pages\/968"}],"wp:attachment":[{"href":"https:\/\/moanawagner.com\/en\/wp-json\/wp\/v2\/media?parent=989"}],"curies":[{"name":"wp","href":"https:\/\/api.w.org\/{rel}","templated":true}]}}