{"id":772,"date":"2020-12-30T13:00:34","date_gmt":"2020-12-30T12:00:34","guid":{"rendered":"https:\/\/moanawagner.com\/?page_id=772"},"modified":"2023-01-04T22:11:40","modified_gmt":"2023-01-04T21:11:40","slug":"ueber-mich","status":"publish","type":"page","link":"https:\/\/moanawagner.com\/en\/ueber-mich\/","title":{"rendered":"\u00dcber mich"},"content":{"rendered":"<div data-elementor-type=\"wp-page\" data-elementor-id=\"772\" class=\"elementor elementor-772\" data-elementor-post-type=\"page\">\n\t\t\t\t<div class=\"elementor-element elementor-element-6519178 e-con-full e-flex e-con e-parent\" data-id=\"6519178\" data-element_type=\"container\" data-e-type=\"container\">\n\t\t<div class=\"elementor-element elementor-element-0f8fed1 e-con-full e-flex e-con e-child\" data-id=\"0f8fed1\" data-element_type=\"container\" data-e-type=\"container\">\n\t\t\t\t<div class=\"elementor-element elementor-element-e960cf2 elementor-widget elementor-widget-image\" data-id=\"e960cf2\" data-element_type=\"widget\" data-e-type=\"widget\" data-widget_type=\"image.default\">\n\t\t\t\t\t\t\t\t\t\t\t\t\t\t\t<img fetchpriority=\"high\" decoding=\"async\" width=\"768\" height=\"1077\" src=\"https:\/\/moanawagner.com\/wp-content\/uploads\/2020\/12\/MOANA_209_c_Susanne_Hassler-Smith-Kopie-e1609418107389-768x1077.jpg\" class=\"attachment-medium_large size-medium_large wp-image-947\" alt=\"\" srcset=\"https:\/\/moanawagner.com\/wp-content\/uploads\/2020\/12\/MOANA_209_c_Susanne_Hassler-Smith-Kopie-e1609418107389-768x1077.jpg 768w, https:\/\/moanawagner.com\/wp-content\/uploads\/2020\/12\/MOANA_209_c_Susanne_Hassler-Smith-Kopie-e1609418107389-600x842.jpg 600w, https:\/\/moanawagner.com\/wp-content\/uploads\/2020\/12\/MOANA_209_c_Susanne_Hassler-Smith-Kopie-e1609418107389-214x300.jpg 214w, https:\/\/moanawagner.com\/wp-content\/uploads\/2020\/12\/MOANA_209_c_Susanne_Hassler-Smith-Kopie-e1609418107389-730x1024.jpg 730w, https:\/\/moanawagner.com\/wp-content\/uploads\/2020\/12\/MOANA_209_c_Susanne_Hassler-Smith-Kopie-e1609418107389-1095x1536.jpg 1095w, https:\/\/moanawagner.com\/wp-content\/uploads\/2020\/12\/MOANA_209_c_Susanne_Hassler-Smith-Kopie-e1609418107389-1460x2048.jpg 1460w, https:\/\/moanawagner.com\/wp-content\/uploads\/2020\/12\/MOANA_209_c_Susanne_Hassler-Smith-Kopie-e1609418107389.jpg 1629w\" sizes=\"(max-width: 768px) 100vw, 768px\" \/>\t\t\t\t\t\t\t\t\t\t\t\t\t\t\t<\/div>\n\t\t\t\t<\/div>\n\t\t<div class=\"elementor-element elementor-element-63792e0 elementor-hidden-phone e-con-full e-flex e-con e-child\" data-id=\"63792e0\" data-element_type=\"container\" data-e-type=\"container\">\n\t\t\t\t<div class=\"elementor-element elementor-element-efa88d8 elementor-widget elementor-widget-image\" data-id=\"efa88d8\" data-element_type=\"widget\" data-e-type=\"widget\" data-widget_type=\"image.default\">\n\t\t\t\t\t\t\t\t\t\t\t\t\t\t\t<img decoding=\"async\" width=\"768\" height=\"1074\" src=\"https:\/\/moanawagner.com\/wp-content\/uploads\/2020\/12\/MOANA_213_c_Susanne_Hassler-Smith-scaled-e1609417798597-768x1074.jpg\" class=\"attachment-medium_large size-medium_large wp-image-948\" alt=\"\" srcset=\"https:\/\/moanawagner.com\/wp-content\/uploads\/2020\/12\/MOANA_213_c_Susanne_Hassler-Smith-scaled-e1609417798597-768x1074.jpg 768w, https:\/\/moanawagner.com\/wp-content\/uploads\/2020\/12\/MOANA_213_c_Susanne_Hassler-Smith-scaled-e1609417798597-600x839.jpg 600w, https:\/\/moanawagner.com\/wp-content\/uploads\/2020\/12\/MOANA_213_c_Susanne_Hassler-Smith-scaled-e1609417798597-214x300.jpg 214w, https:\/\/moanawagner.com\/wp-content\/uploads\/2020\/12\/MOANA_213_c_Susanne_Hassler-Smith-scaled-e1609417798597-732x1024.jpg 732w, https:\/\/moanawagner.com\/wp-content\/uploads\/2020\/12\/MOANA_213_c_Susanne_Hassler-Smith-scaled-e1609417798597-1098x1536.jpg 1098w, https:\/\/moanawagner.com\/wp-content\/uploads\/2020\/12\/MOANA_213_c_Susanne_Hassler-Smith-scaled-e1609417798597.jpg 1427w\" sizes=\"(max-width: 768px) 100vw, 768px\" \/>\t\t\t\t\t\t\t\t\t\t\t\t\t\t\t<\/div>\n\t\t\t\t<\/div>\n\t\t<div class=\"elementor-element elementor-element-86cfbad elementor-hidden-phone elementor-hidden-tablet e-con-full e-flex e-con e-child\" data-id=\"86cfbad\" data-element_type=\"container\" data-e-type=\"container\">\n\t\t\t\t<div class=\"elementor-element elementor-element-d6cb147 elementor-widget elementor-widget-image\" data-id=\"d6cb147\" data-element_type=\"widget\" data-e-type=\"widget\" data-widget_type=\"image.default\">\n\t\t\t\t\t\t\t\t\t\t\t\t\t\t\t<img decoding=\"async\" width=\"768\" height=\"1075\" src=\"https:\/\/moanawagner.com\/wp-content\/uploads\/2020\/12\/MOANA_214_c_Susanne_Hassler-Smith-scaled-e1609417858574-768x1075.jpg\" class=\"attachment-medium_large size-medium_large wp-image-949\" alt=\"\" srcset=\"https:\/\/moanawagner.com\/wp-content\/uploads\/2020\/12\/MOANA_214_c_Susanne_Hassler-Smith-scaled-e1609417858574-768x1075.jpg 768w, https:\/\/moanawagner.com\/wp-content\/uploads\/2020\/12\/MOANA_214_c_Susanne_Hassler-Smith-scaled-e1609417858574-600x840.jpg 600w, https:\/\/moanawagner.com\/wp-content\/uploads\/2020\/12\/MOANA_214_c_Susanne_Hassler-Smith-scaled-e1609417858574-214x300.jpg 214w, https:\/\/moanawagner.com\/wp-content\/uploads\/2020\/12\/MOANA_214_c_Susanne_Hassler-Smith-scaled-e1609417858574-732x1024.jpg 732w, https:\/\/moanawagner.com\/wp-content\/uploads\/2020\/12\/MOANA_214_c_Susanne_Hassler-Smith-scaled-e1609417858574-1098x1536.jpg 1098w, https:\/\/moanawagner.com\/wp-content\/uploads\/2020\/12\/MOANA_214_c_Susanne_Hassler-Smith-scaled-e1609417858574.jpg 1235w\" sizes=\"(max-width: 768px) 100vw, 768px\" \/>\t\t\t\t\t\t\t\t\t\t\t\t\t\t\t<\/div>\n\t\t\t\t<\/div>\n\t\t\t\t<\/div>\n\t\t<div class=\"elementor-element elementor-element-c673188 e-flex e-con-boxed e-con e-parent\" data-id=\"c673188\" data-element_type=\"container\" data-e-type=\"container\">\n\t\t\t\t\t<div class=\"e-con-inner\">\n\t\t<div class=\"elementor-element elementor-element-c254ab6 e-con-full e-flex e-con e-child\" data-id=\"c254ab6\" data-element_type=\"container\" data-e-type=\"container\">\n\t\t\t\t<div class=\"elementor-element elementor-element-3b499d4 elementor-widget elementor-widget-heading\" data-id=\"3b499d4\" data-element_type=\"widget\" data-e-type=\"widget\" data-widget_type=\"heading.default\">\n\t\t\t\t\t<h2 class=\"elementor-heading-title elementor-size-default\">Ich bin eine Frau die ihren Weg geht \u2013 als G\u00f6ttin, Mama von Vieren, Expertin f\u00fcr Face Yoga (Gesichtsmuskeltraining) und Ern\u00e4hrungsberaterin nach der Traditionellen Chinesischen Medizin.<\/h2>\t\t\t\t<\/div>\n\t\t\t\t<div class=\"elementor-element elementor-element-4d232b6 elementor-widget elementor-widget-text-editor\" data-id=\"4d232b6\" data-element_type=\"widget\" data-e-type=\"widget\" data-widget_type=\"text-editor.default\">\n\t\t\t\t\t\t\t\t\t<p>In j\u00fcngeren Jahren war ich stolz auf mein ausdrucksstarkes Gesicht, meine extreme Mimik \u2013 die mir mit der Zeit viele unterschiedliche Falten im Gesicht einbrachte. Ich dachte nie daran, was das f\u00fcr Auswirkungen haben w\u00fcrde.<\/p><p>Durch einen Schicksalsschlag ver\u00e4nderte sich meine Haarfarbe in Silber und ich litt sehr unter einer Erkrankung, die mich 15 Jahre lang begleitete. Keiner konnte mir helfen, bis ich mich entschied, meine Heilung selbst in die Hand zu nehmen.<\/p><p>Auch die vielen (ungelebten) Emotionen (Schock, Traumata), zeigten sich alle im Gesicht und setzten sich zum Teil fest. Irgendwann sah ich sie, die Zeichen im Gesicht, die nicht meinem Inneren entsprachen und ich suchte nach einer M\u00f6glichkeit, meine innere Heilreise auch \u00e4u\u00dferlich sichtbar leben zu k\u00f6nnen und die \u201eZeichen der Zeit\u201c zu \u00fcberschreiben. <br \/>Dies f\u00fchrte mich zu Face Yoga, in Verbindung mit der Traditionellen Chinesischen Medizin. <br \/>Damit gewann ich nicht nur mein jugendliches Strahlen, sondern auch mehr Energie und mein Wohlbefinden zur\u00fcck.<\/p><p>Ich habe viele unterschiedliche Interessen, die mich mal mehr, mal weniger auf meinem Weg begleiten. <br \/>Ich begeistere mich leicht f\u00fcr Neues, bin gerne wild und laut und dann wieder ganz ruhig und zur\u00fcckgezogen.<br \/>Ich bin schnell gestresst, wenn ich wieder mal zu viel im Kopf und zu wenig in meinem K\u00f6rper bin, hadere immer mal wieder mit meinem Aussehen (wie das oft so ist bei uns Frauen) und gehe trotzdem, seit vielen Jahren, immer weiter einen nat\u00fcrlichen Weg in Richtung Wohlgef\u00fchl, Balance, Gesundheit und Sch\u00f6nheit in jedem Alter.<br \/>Ich bin absolut unperfekt PERFEKT, genau so, wie ich bin &#8211; und auch das muss ich mir manchmal selbst laut sagen.<\/p><p>Ich teile mein Leben mit dir &#8211; mit den Themen, die mich begleiten und die ich dir gerne an die Hand geben m\u00f6chte um alterslos dein Leben zu genie\u00dfen: Face Yoga, die Ern\u00e4hrung nach der Traditionellen Chinesischen Medizin (kurz TCM), das Leben deiner G\u00f6ttin\/deiner Weiblichkeit und viele weitere Themen, die f\u00fcr mich dazu geh\u00f6ren.<\/p><div>\u00a0,<\/div>\t\t\t\t\t\t\t\t<\/div>\n\t\t\t\t<div class=\"elementor-element elementor-element-b08a90e elementor-hidden-desktop elementor-widget elementor-widget-image\" data-id=\"b08a90e\" data-element_type=\"widget\" data-e-type=\"widget\" data-widget_type=\"image.default\">\n\t\t\t\t\t\t\t\t\t\t\t\t\t\t\t<img decoding=\"async\" width=\"768\" height=\"1074\" src=\"https:\/\/moanawagner.com\/wp-content\/uploads\/2020\/12\/MOANA_213_c_Susanne_Hassler-Smith-scaled-e1609417798597-768x1074.jpg\" class=\"attachment-medium_large size-medium_large wp-image-948\" alt=\"\" srcset=\"https:\/\/moanawagner.com\/wp-content\/uploads\/2020\/12\/MOANA_213_c_Susanne_Hassler-Smith-scaled-e1609417798597-768x1074.jpg 768w, https:\/\/moanawagner.com\/wp-content\/uploads\/2020\/12\/MOANA_213_c_Susanne_Hassler-Smith-scaled-e1609417798597-600x839.jpg 600w, https:\/\/moanawagner.com\/wp-content\/uploads\/2020\/12\/MOANA_213_c_Susanne_Hassler-Smith-scaled-e1609417798597-214x300.jpg 214w, https:\/\/moanawagner.com\/wp-content\/uploads\/2020\/12\/MOANA_213_c_Susanne_Hassler-Smith-scaled-e1609417798597-732x1024.jpg 732w, https:\/\/moanawagner.com\/wp-content\/uploads\/2020\/12\/MOANA_213_c_Susanne_Hassler-Smith-scaled-e1609417798597-1098x1536.jpg 1098w, https:\/\/moanawagner.com\/wp-content\/uploads\/2020\/12\/MOANA_213_c_Susanne_Hassler-Smith-scaled-e1609417798597.jpg 1427w\" sizes=\"(max-width: 768px) 100vw, 768px\" \/>\t\t\t\t\t\t\t\t\t\t\t\t\t\t\t<\/div>\n\t\t\t\t<div class=\"elementor-element elementor-element-12a1cfc elementor-widget elementor-widget-heading\" data-id=\"12a1cfc\" data-element_type=\"widget\" data-e-type=\"widget\" data-widget_type=\"heading.default\">\n\t\t\t\t\t<div class=\"elementor-heading-title elementor-size-default\">Die Weisheit der G\u00f6ttinnen steckt in deinem Frauenk\u00f6rper \u2013 genauso wie die F\u00e4higkeit zur Selbstheilung und Verj\u00fcngung.<\/div>\t\t\t\t<\/div>\n\t\t\t\t<div class=\"elementor-element elementor-element-cef76fe elementor-widget elementor-widget-text-editor\" data-id=\"cef76fe\" data-element_type=\"widget\" data-e-type=\"widget\" data-widget_type=\"text-editor.default\">\n\t\t\t\t\t\t\t\t\t<p>Meine Ausbildungen und mein leidenschaftliches Interesse an der holistischen Gesundheit, er\u00f6ffneten mir nicht nur meinen individuellen Heilungsweg, sondern ich erkannte auch den dahinter liegenden Wunsch, andere Frauen mit meinem Wissen und Erfahrungen der letzten 20 Jahre zu st\u00e4rken.<\/p>\n<div>So zeige ich heute Frauen einen m\u00f6glichen Weg in das Zusammenspiel von Aussehen, K\u00f6rpergef\u00fchl, Ern\u00e4hrung und Lebensstil, bis hin zur Befreiung der inneren G\u00f6ttin.<\/div>\n<div>&nbsp;<\/div>\n<div>Wenn du dich selbst erm\u00e4chtigen willst, deine Sch\u00f6nheit, deine Ausstrahlung und deine Gesundheit in jedem Alter zu st\u00e4rken und darauf auf ganzheitliche Weise Einfluss zu nehmen, dann freue ich mich, wenn du dich gemeinsam mit mir auf den Weg machst.<\/div>\t\t\t\t\t\t\t\t<\/div>\n\t\t\t\t<div class=\"elementor-element elementor-element-98510c5 elementor-hidden-desktop elementor-widget elementor-widget-image\" data-id=\"98510c5\" data-element_type=\"widget\" data-e-type=\"widget\" data-widget_type=\"image.default\">\n\t\t\t\t\t\t\t\t\t\t\t\t\t\t\t<img decoding=\"async\" width=\"768\" height=\"1075\" src=\"https:\/\/moanawagner.com\/wp-content\/uploads\/2020\/12\/MOANA_214_c_Susanne_Hassler-Smith-scaled-e1609417858574-768x1075.jpg\" class=\"attachment-medium_large size-medium_large wp-image-949\" alt=\"\" srcset=\"https:\/\/moanawagner.com\/wp-content\/uploads\/2020\/12\/MOANA_214_c_Susanne_Hassler-Smith-scaled-e1609417858574-768x1075.jpg 768w, https:\/\/moanawagner.com\/wp-content\/uploads\/2020\/12\/MOANA_214_c_Susanne_Hassler-Smith-scaled-e1609417858574-600x840.jpg 600w, https:\/\/moanawagner.com\/wp-content\/uploads\/2020\/12\/MOANA_214_c_Susanne_Hassler-Smith-scaled-e1609417858574-214x300.jpg 214w, https:\/\/moanawagner.com\/wp-content\/uploads\/2020\/12\/MOANA_214_c_Susanne_Hassler-Smith-scaled-e1609417858574-732x1024.jpg 732w, https:\/\/moanawagner.com\/wp-content\/uploads\/2020\/12\/MOANA_214_c_Susanne_Hassler-Smith-scaled-e1609417858574-1098x1536.jpg 1098w, https:\/\/moanawagner.com\/wp-content\/uploads\/2020\/12\/MOANA_214_c_Susanne_Hassler-Smith-scaled-e1609417858574.jpg 1235w\" sizes=\"(max-width: 768px) 100vw, 768px\" \/>\t\t\t\t\t\t\t\t\t\t\t\t\t\t\t<\/div>\n\t\t\t\t<div class=\"elementor-element elementor-element-a4daac3 elementor-widget elementor-widget-text-editor\" data-id=\"a4daac3\" data-element_type=\"widget\" data-e-type=\"widget\" data-widget_type=\"text-editor.default\">\n\t\t\t\t\t\t\t\t\t<p>\u00a0<\/p><p>\u00a0<\/p><p>Ich wuchs in Graz (\u00d6sterreich) auf und bin seit Oktober 2019 mit meinem Mann, den zwei j\u00fcngeren Kindern und meiner H\u00fcndin, mit Bus und Wohnwagen auf Reisen. Ich liebe die Vielfalt der Natur, Tiere, Tanz und Gesang, gutes Essen, das Zusammensein mit Frauen, meine Familie, Lachen, Fragen und Visionen, Fokus, Rhythmus und Rituale, Werte und Integrit\u00e4t.<\/p>\t\t\t\t\t\t\t\t<\/div>\n\t\t\t\t<div class=\"elementor-element elementor-element-1b12bf6 elementor-widget elementor-widget-heading\" data-id=\"1b12bf6\" data-element_type=\"widget\" data-e-type=\"widget\" data-widget_type=\"heading.default\">\n\t\t\t\t\t<h2 class=\"elementor-heading-title elementor-size-default\">Eine meiner liebsten Herzfrauen beschreibt mich so:\n<\/h2>\t\t\t\t<\/div>\n\t\t\t\t<div class=\"elementor-element elementor-element-96783a4 elementor-widget elementor-widget-text-editor\" data-id=\"96783a4\" data-element_type=\"widget\" data-e-type=\"widget\" data-widget_type=\"text-editor.default\">\n\t\t\t\t\t\t\t\t\t<p>Moana ist liebevoll, f\u00fcrsorglich, loyal, spirituell, naturverbunden, achtsam, empathisch, verl\u00e4sslich, offen, tierlieb, sensibel, kritisch, unglaublich sch\u00f6n &#8211; innen und au\u00dfen, begabt, gro\u00dfz\u00fcgig, humorvoll, ehrlich, authentisch, kreativ, vision\u00e4r, herzlich, mega gut kochend und knackig.<\/p>\t\t\t\t\t\t\t\t<\/div>\n\t\t\t\t<\/div>\n\t\t\t\t\t<\/div>\n\t\t\t\t<\/div>\n\t\t\t\t<\/div>","protected":false},"excerpt":{"rendered":"<p>Ich bin eine Frau die ihren Weg geht \u2013 als G\u00f6ttin, Mama von Vieren, Expertin f\u00fcr Face Yoga (Gesichtsmuskeltraining) und Ern\u00e4hrungsberaterin nach der Traditionellen Chinesischen Medizin. In j\u00fcngeren Jahren war ich stolz auf mein ausdrucksstarkes Gesicht, meine extreme Mimik \u2013 die mir mit der Zeit viele unterschiedliche Falten im Gesicht einbrachte. Ich dachte nie daran, [&hellip;]<\/p>\n","protected":false},"author":2,"featured_media":0,"parent":0,"menu_order":0,"comment_status":"closed","ping_status":"closed","template":"elementor_header_footer","meta":{"site-sidebar-layout":"default","site-content-layout":"","ast-site-content-layout":"default","site-content-style":"default","site-sidebar-style":"default","ast-global-header-display":"","ast-banner-title-visibility":"","ast-main-header-display":"","ast-hfb-above-header-display":"","ast-hfb-below-header-display":"","ast-hfb-mobile-header-display":"","site-post-title":"","ast-breadcrumbs-content":"","ast-featured-img":"","footer-sml-layout":"","ast-disable-related-posts":"","theme-transparent-header-meta":"","adv-header-id-meta":"","stick-header-meta":"","header-above-stick-meta":"","header-main-stick-meta":"","header-below-stick-meta":"","astra-migrate-meta-layouts":"default","ast-page-background-enabled":"default","ast-page-background-meta":{"desktop":{"background-color":"var(--ast-global-color-4)","background-image":"","background-repeat":"repeat","background-position":"center center","background-size":"auto","background-attachment":"scroll","background-type":"","background-media":"","overlay-type":"","overlay-color":"","overlay-opacity":"","overlay-gradient":""},"tablet":{"background-color":"","background-image":"","background-repeat":"repeat","background-position":"center center","background-size":"auto","background-attachment":"scroll","background-type":"","background-media":"","overlay-type":"","overlay-color":"","overlay-opacity":"","overlay-gradient":""},"mobile":{"background-color":"","background-image":"","background-repeat":"repeat","background-position":"center center","background-size":"auto","background-attachment":"scroll","background-type":"","background-media":"","overlay-type":"","overlay-color":"","overlay-opacity":"","overlay-gradient":""}},"ast-content-background-meta":{"desktop":{"background-color":"var(--ast-global-color-5)","background-image":"","background-repeat":"repeat","background-position":"center center","background-size":"auto","background-attachment":"scroll","background-type":"","background-media":"","overlay-type":"","overlay-color":"","overlay-opacity":"","overlay-gradient":""},"tablet":{"background-color":"var(--ast-global-color-5)","background-image":"","background-repeat":"repeat","background-position":"center center","background-size":"auto","background-attachment":"scroll","background-type":"","background-media":"","overlay-type":"","overlay-color":"","overlay-opacity":"","overlay-gradient":""},"mobile":{"background-color":"var(--ast-global-color-5)","background-image":"","background-repeat":"repeat","background-position":"center center","background-size":"auto","background-attachment":"scroll","background-type":"","background-media":"","overlay-type":"","overlay-color":"","overlay-opacity":"","overlay-gradient":""}},"footnotes":""},"class_list":["post-772","page","type-page","status-publish","hentry"],"yoast_head":"<!-- This site is optimized with the Yoast SEO plugin v27.3 - https:\/\/yoast.com\/product\/yoast-seo-wordpress\/ -->\n<title>\u00dcber mich - Moana Wagner<\/title>\n<meta name=\"robots\" content=\"index, follow, max-snippet:-1, max-image-preview:large, max-video-preview:-1\" \/>\n<link rel=\"canonical\" href=\"https:\/\/moanawagner.com\/en\/ueber-mich\/\" \/>\n<meta property=\"og:locale\" content=\"en_US\" \/>\n<meta property=\"og:type\" content=\"article\" \/>\n<meta property=\"og:title\" content=\"\u00dcber mich - Moana Wagner\" \/>\n<meta property=\"og:description\" content=\"Ich bin eine Frau die ihren Weg geht \u2013 als G\u00f6ttin, Mama von Vieren, Expertin f\u00fcr Face Yoga (Gesichtsmuskeltraining) und Ern\u00e4hrungsberaterin nach der Traditionellen Chinesischen Medizin. In j\u00fcngeren Jahren war ich stolz auf mein ausdrucksstarkes Gesicht, meine extreme Mimik \u2013 die mir mit der Zeit viele unterschiedliche Falten im Gesicht einbrachte. Ich dachte nie daran, [&hellip;]\" \/>\n<meta property=\"og:url\" content=\"https:\/\/moanawagner.com\/en\/ueber-mich\/\" \/>\n<meta property=\"og:site_name\" content=\"Moana Wagner\" \/>\n<meta property=\"article:modified_time\" content=\"2023-01-04T21:11:40+00:00\" \/>\n<meta property=\"og:image\" content=\"https:\/\/moanawagner.com\/wp-content\/uploads\/2020\/12\/MOANA_209_c_Susanne_Hassler-Smith-Kopie-e1609418107389-768x1077.jpg\" \/>\n<meta name=\"twitter:card\" content=\"summary_large_image\" \/>\n<meta name=\"twitter:label1\" content=\"Est. reading time\" \/>\n\t<meta name=\"twitter:data1\" content=\"5 minutes\" \/>\n<script type=\"application\/ld+json\" class=\"yoast-schema-graph\">{\"@context\":\"https:\\\/\\\/schema.org\",\"@graph\":[{\"@type\":\"WebPage\",\"@id\":\"https:\\\/\\\/moanawagner.com\\\/ueber-mich\\\/\",\"url\":\"https:\\\/\\\/moanawagner.com\\\/ueber-mich\\\/\",\"name\":\"\u00dcber mich - Moana Wagner\",\"isPartOf\":{\"@id\":\"https:\\\/\\\/moanawagner.com\\\/#website\"},\"primaryImageOfPage\":{\"@id\":\"https:\\\/\\\/moanawagner.com\\\/ueber-mich\\\/#primaryimage\"},\"image\":{\"@id\":\"https:\\\/\\\/moanawagner.com\\\/ueber-mich\\\/#primaryimage\"},\"thumbnailUrl\":\"https:\\\/\\\/moanawagner.com\\\/wp-content\\\/uploads\\\/2020\\\/12\\\/MOANA_209_c_Susanne_Hassler-Smith-Kopie-e1609418107389-768x1077.jpg\",\"datePublished\":\"2020-12-30T12:00:34+00:00\",\"dateModified\":\"2023-01-04T21:11:40+00:00\",\"breadcrumb\":{\"@id\":\"https:\\\/\\\/moanawagner.com\\\/ueber-mich\\\/#breadcrumb\"},\"inLanguage\":\"en-US\",\"potentialAction\":[{\"@type\":\"ReadAction\",\"target\":[\"https:\\\/\\\/moanawagner.com\\\/ueber-mich\\\/\"]}]},{\"@type\":\"ImageObject\",\"inLanguage\":\"en-US\",\"@id\":\"https:\\\/\\\/moanawagner.com\\\/ueber-mich\\\/#primaryimage\",\"url\":\"https:\\\/\\\/moanawagner.com\\\/wp-content\\\/uploads\\\/2020\\\/12\\\/MOANA_209_c_Susanne_Hassler-Smith-Kopie-e1609418107389-768x1077.jpg\",\"contentUrl\":\"https:\\\/\\\/moanawagner.com\\\/wp-content\\\/uploads\\\/2020\\\/12\\\/MOANA_209_c_Susanne_Hassler-Smith-Kopie-e1609418107389-768x1077.jpg\"},{\"@type\":\"BreadcrumbList\",\"@id\":\"https:\\\/\\\/moanawagner.com\\\/ueber-mich\\\/#breadcrumb\",\"itemListElement\":[{\"@type\":\"ListItem\",\"position\":1,\"name\":\"Startseite\",\"item\":\"https:\\\/\\\/moanawagner.com\\\/\"},{\"@type\":\"ListItem\",\"position\":2,\"name\":\"\u00dcber mich\"}]},{\"@type\":\"WebSite\",\"@id\":\"https:\\\/\\\/moanawagner.com\\\/#website\",\"url\":\"https:\\\/\\\/moanawagner.com\\\/\",\"name\":\"Moana Wagner\",\"description\":\"Face Yoga &amp; TCM - Empower your Goddess\",\"potentialAction\":[{\"@type\":\"SearchAction\",\"target\":{\"@type\":\"EntryPoint\",\"urlTemplate\":\"https:\\\/\\\/moanawagner.com\\\/?s={search_term_string}\"},\"query-input\":{\"@type\":\"PropertyValueSpecification\",\"valueRequired\":true,\"valueName\":\"search_term_string\"}}],\"inLanguage\":\"en-US\"}]}<\/script>\n<!-- \/ Yoast SEO plugin. -->","yoast_head_json":{"title":"\u00dcber mich - Moana Wagner","robots":{"index":"index","follow":"follow","max-snippet":"max-snippet:-1","max-image-preview":"max-image-preview:large","max-video-preview":"max-video-preview:-1"},"canonical":"https:\/\/moanawagner.com\/en\/ueber-mich\/","og_locale":"en_US","og_type":"article","og_title":"\u00dcber mich - Moana Wagner","og_description":"Ich bin eine Frau die ihren Weg geht \u2013 als G\u00f6ttin, Mama von Vieren, Expertin f\u00fcr Face Yoga (Gesichtsmuskeltraining) und Ern\u00e4hrungsberaterin nach der Traditionellen Chinesischen Medizin. In j\u00fcngeren Jahren war ich stolz auf mein ausdrucksstarkes Gesicht, meine extreme Mimik \u2013 die mir mit der Zeit viele unterschiedliche Falten im Gesicht einbrachte. Ich dachte nie daran, [&hellip;]","og_url":"https:\/\/moanawagner.com\/en\/ueber-mich\/","og_site_name":"Moana Wagner","article_modified_time":"2023-01-04T21:11:40+00:00","og_image":[{"url":"https:\/\/moanawagner.com\/wp-content\/uploads\/2020\/12\/MOANA_209_c_Susanne_Hassler-Smith-Kopie-e1609418107389-768x1077.jpg","type":"","width":"","height":""}],"twitter_card":"summary_large_image","twitter_misc":{"Est. reading time":"5 minutes"},"schema":{"@context":"https:\/\/schema.org","@graph":[{"@type":"WebPage","@id":"https:\/\/moanawagner.com\/ueber-mich\/","url":"https:\/\/moanawagner.com\/ueber-mich\/","name":"\u00dcber mich - Moana Wagner","isPartOf":{"@id":"https:\/\/moanawagner.com\/#website"},"primaryImageOfPage":{"@id":"https:\/\/moanawagner.com\/ueber-mich\/#primaryimage"},"image":{"@id":"https:\/\/moanawagner.com\/ueber-mich\/#primaryimage"},"thumbnailUrl":"https:\/\/moanawagner.com\/wp-content\/uploads\/2020\/12\/MOANA_209_c_Susanne_Hassler-Smith-Kopie-e1609418107389-768x1077.jpg","datePublished":"2020-12-30T12:00:34+00:00","dateModified":"2023-01-04T21:11:40+00:00","breadcrumb":{"@id":"https:\/\/moanawagner.com\/ueber-mich\/#breadcrumb"},"inLanguage":"en-US","potentialAction":[{"@type":"ReadAction","target":["https:\/\/moanawagner.com\/ueber-mich\/"]}]},{"@type":"ImageObject","inLanguage":"en-US","@id":"https:\/\/moanawagner.com\/ueber-mich\/#primaryimage","url":"https:\/\/moanawagner.com\/wp-content\/uploads\/2020\/12\/MOANA_209_c_Susanne_Hassler-Smith-Kopie-e1609418107389-768x1077.jpg","contentUrl":"https:\/\/moanawagner.com\/wp-content\/uploads\/2020\/12\/MOANA_209_c_Susanne_Hassler-Smith-Kopie-e1609418107389-768x1077.jpg"},{"@type":"BreadcrumbList","@id":"https:\/\/moanawagner.com\/ueber-mich\/#breadcrumb","itemListElement":[{"@type":"ListItem","position":1,"name":"Startseite","item":"https:\/\/moanawagner.com\/"},{"@type":"ListItem","position":2,"name":"\u00dcber mich"}]},{"@type":"WebSite","@id":"https:\/\/moanawagner.com\/#website","url":"https:\/\/moanawagner.com\/","name":"Moana Wagner","description":"Face Yoga &amp; TCM - Empower your Goddess","potentialAction":[{"@type":"SearchAction","target":{"@type":"EntryPoint","urlTemplate":"https:\/\/moanawagner.com\/?s={search_term_string}"},"query-input":{"@type":"PropertyValueSpecification","valueRequired":true,"valueName":"search_term_string"}}],"inLanguage":"en-US"}]}},"jetpack_sharing_enabled":true,"_links":{"self":[{"href":"https:\/\/moanawagner.com\/en\/wp-json\/wp\/v2\/pages\/772","targetHints":{"allow":["GET"]}}],"collection":[{"href":"https:\/\/moanawagner.com\/en\/wp-json\/wp\/v2\/pages"}],"about":[{"href":"https:\/\/moanawagner.com\/en\/wp-json\/wp\/v2\/types\/page"}],"author":[{"embeddable":true,"href":"https:\/\/moanawagner.com\/en\/wp-json\/wp\/v2\/users\/2"}],"replies":[{"embeddable":true,"href":"https:\/\/moanawagner.com\/en\/wp-json\/wp\/v2\/comments?post=772"}],"version-history":[{"count":88,"href":"https:\/\/moanawagner.com\/en\/wp-json\/wp\/v2\/pages\/772\/revisions"}],"predecessor-version":[{"id":5203,"href":"https:\/\/moanawagner.com\/en\/wp-json\/wp\/v2\/pages\/772\/revisions\/5203"}],"wp:attachment":[{"href":"https:\/\/moanawagner.com\/en\/wp-json\/wp\/v2\/media?parent=772"}],"curies":[{"name":"wp","href":"https:\/\/api.w.org\/{rel}","templated":true}]}}