{"id":599,"date":"2020-12-30T09:01:29","date_gmt":"2020-12-30T08:01:29","guid":{"rendered":"https:\/\/moanawagner.com\/?page_id=599"},"modified":"2021-11-18T14:37:35","modified_gmt":"2021-11-18T13:37:35","slug":"impressum","status":"publish","type":"page","link":"https:\/\/moanawagner.com\/en\/impressum\/","title":{"rendered":"Impressum"},"content":{"rendered":"<h3 class=\"wp-block-heading\">Angaben gem\u00e4\u00df \u00a7 5 TMG:<\/h3>\n\n\n\n<p>Moana Wagner<br>Ludersdorf 139<br>8200 Gleisdorf<br>\u00d6sterreich<\/p>\n\n\n\n<p>info@moanawagner.com<\/p>\n\n\n\n<p>Dieses Impressum gilt auch f\u00fcr unsere Facebook-Seite, unseren Instagram-Kanal und unseren YouTube-Kanal.<\/p>\n\n\n\n<h3 class=\"wp-block-heading\">Verantwortlich f\u00fcr den Inhalt nach \u00a7 18 Abs. 2 MStV:<\/h3>\n\n\n\n<p>Moana Wagner<br>Ludersdorf 139<br>8200 Gleisdorf<br>\u00d6sterreich<\/p>\n\n\n\n<p>info@moanawagner.com<\/p>\n\n\n\n<h3 class=\"wp-block-heading\">Umsetzung, Gestaltung und Webdesign<\/h3>\n\n\n\n<p>Idee: Moana Wagner<a rel=\"noreferrer noopener\" href=\"https:\/\/www.findediebalance.de\" target=\"_blank\"><\/a><br>Fotos: Susanne Hassler Smith &#8211; <a href=\"https:\/\/www.susannehasslersmith.com\/\" target=\"_blank\" rel=\"noreferrer noopener\">www.susannehasslersmith.com<br><\/a>Umsetzung, Webdesign &amp; Support: Michael Hennicke \u2013&nbsp; <a rel=\"noreferrer noopener\" href=\"https:\/\/360creations.design\" target=\"_blank\">360Creations.design<\/a><\/p>\n\n\n\n<h3 class=\"wp-block-heading\">Quellenangaben f\u00fcr die verwendeten Bilder und Grafiken:<\/h3>\n\n\n\n<p>Fotos \u00a9 <a href=\"https:\/\/www.susannehasslersmith.com\/\" target=\"_blank\" rel=\"noreferrer noopener\">Susanne Hassler-Smith<\/a>, sofern nicht anders gekennzeichnet.<\/p>\n\n\n\n<h3 class=\"wp-block-heading\">Alternative Streitbeilegung gem\u00e4\u00df Art. 14 Abs. 1 ODR-VO und \u00a7 36 VSBG:<\/h3>\n\n\n\n<p>Die Europ\u00e4ische Kommission stellt eine Plattform zur Online-Streitbeilegung (OS) bereit, die du unter <a href=\"https:\/\/ec.europa.eu\/consumers\/odr\" target=\"_blank\" rel=\"noreferrer noopener\">https:\/\/ec.europa.eu\/consumers\/odr<\/a> findest. Wir sind bereit, an einem au\u00dfergerichtlichen Schlichtungsverfahren teilzunehmen.<\/p>","protected":false},"excerpt":{"rendered":"<p>Angaben gem\u00e4\u00df \u00a7 5 TMG: Moana WagnerLudersdorf 1398200 Gleisdorf\u00d6sterreich info@moanawagner.com Dieses Impressum gilt auch f\u00fcr unsere Facebook-Seite, unseren Instagram-Kanal und unseren YouTube-Kanal. Verantwortlich f\u00fcr den Inhalt nach \u00a7 18 Abs. 2 MStV: Moana WagnerLudersdorf 1398200 Gleisdorf\u00d6sterreich info@moanawagner.com Umsetzung, Gestaltung und Webdesign Idee: Moana WagnerFotos: Susanne Hassler Smith &#8211; www.susannehasslersmith.comUmsetzung, Webdesign &amp; Support: Michael Hennicke \u2013&nbsp; [&hellip;]<\/p>\n","protected":false},"author":2,"featured_media":0,"parent":0,"menu_order":0,"comment_status":"closed","ping_status":"closed","template":"","meta":{"site-sidebar-layout":"default","site-content-layout":"","ast-site-content-layout":"default","site-content-style":"default","site-sidebar-style":"default","ast-global-header-display":"","ast-banner-title-visibility":"","ast-main-header-display":"","ast-hfb-above-header-display":"","ast-hfb-below-header-display":"","ast-hfb-mobile-header-display":"","site-post-title":"","ast-breadcrumbs-content":"","ast-featured-img":"","footer-sml-layout":"","ast-disable-related-posts":"","theme-transparent-header-meta":"","adv-header-id-meta":"","stick-header-meta":"","header-above-stick-meta":"","header-main-stick-meta":"","header-below-stick-meta":"","astra-migrate-meta-layouts":"default","ast-page-background-enabled":"default","ast-page-background-meta":{"desktop":{"background-color":"var(--ast-global-color-4)","background-image":"","background-repeat":"repeat","background-position":"center center","background-size":"auto","background-attachment":"scroll","background-type":"","background-media":"","overlay-type":"","overlay-color":"","overlay-opacity":"","overlay-gradient":""},"tablet":{"background-color":"","background-image":"","background-repeat":"repeat","background-position":"center center","background-size":"auto","background-attachment":"scroll","background-type":"","background-media":"","overlay-type":"","overlay-color":"","overlay-opacity":"","overlay-gradient":""},"mobile":{"background-color":"","background-image":"","background-repeat":"repeat","background-position":"center center","background-size":"auto","background-attachment":"scroll","background-type":"","background-media":"","overlay-type":"","overlay-color":"","overlay-opacity":"","overlay-gradient":""}},"ast-content-background-meta":{"desktop":{"background-color":"var(--ast-global-color-5)","background-image":"","background-repeat":"repeat","background-position":"center center","background-size":"auto","background-attachment":"scroll","background-type":"","background-media":"","overlay-type":"","overlay-color":"","overlay-opacity":"","overlay-gradient":""},"tablet":{"background-color":"var(--ast-global-color-5)","background-image":"","background-repeat":"repeat","background-position":"center center","background-size":"auto","background-attachment":"scroll","background-type":"","background-media":"","overlay-type":"","overlay-color":"","overlay-opacity":"","overlay-gradient":""},"mobile":{"background-color":"var(--ast-global-color-5)","background-image":"","background-repeat":"repeat","background-position":"center center","background-size":"auto","background-attachment":"scroll","background-type":"","background-media":"","overlay-type":"","overlay-color":"","overlay-opacity":"","overlay-gradient":""}},"footnotes":""},"class_list":["post-599","page","type-page","status-publish","hentry"],"yoast_head":"<!-- This site is optimized with the Yoast SEO plugin v27.3 - https:\/\/yoast.com\/product\/yoast-seo-wordpress\/ -->\n<title>Impressum - Moana Wagner<\/title>\n<meta name=\"robots\" content=\"noindex, follow\" \/>\n<meta property=\"og:locale\" content=\"en_US\" \/>\n<meta property=\"og:type\" content=\"article\" \/>\n<meta property=\"og:title\" content=\"Impressum - Moana Wagner\" \/>\n<meta property=\"og:description\" content=\"Angaben gem\u00e4\u00df \u00a7 5 TMG: Moana WagnerLudersdorf 1398200 Gleisdorf\u00d6sterreich info@moanawagner.com Dieses Impressum gilt auch f\u00fcr unsere Facebook-Seite, unseren Instagram-Kanal und unseren YouTube-Kanal. Verantwortlich f\u00fcr den Inhalt nach \u00a7 18 Abs. 2 MStV: Moana WagnerLudersdorf 1398200 Gleisdorf\u00d6sterreich info@moanawagner.com Umsetzung, Gestaltung und Webdesign Idee: Moana WagnerFotos: Susanne Hassler Smith &#8211; www.susannehasslersmith.comUmsetzung, Webdesign &amp; Support: Michael Hennicke \u2013&nbsp; [&hellip;]\" \/>\n<meta property=\"og:url\" content=\"https:\/\/moanawagner.com\/en\/impressum\/\" \/>\n<meta property=\"og:site_name\" content=\"Moana Wagner\" \/>\n<meta property=\"article:modified_time\" content=\"2021-11-18T13:37:35+00:00\" \/>\n<meta name=\"twitter:card\" content=\"summary_large_image\" \/>\n<meta name=\"twitter:label1\" content=\"Est. reading time\" \/>\n\t<meta name=\"twitter:data1\" content=\"1 minute\" \/>\n<script type=\"application\/ld+json\" class=\"yoast-schema-graph\">{\"@context\":\"https:\\\/\\\/schema.org\",\"@graph\":[{\"@type\":\"WebPage\",\"@id\":\"https:\\\/\\\/moanawagner.com\\\/impressum\\\/\",\"url\":\"https:\\\/\\\/moanawagner.com\\\/impressum\\\/\",\"name\":\"Impressum - Moana Wagner\",\"isPartOf\":{\"@id\":\"https:\\\/\\\/moanawagner.com\\\/#website\"},\"datePublished\":\"2020-12-30T08:01:29+00:00\",\"dateModified\":\"2021-11-18T13:37:35+00:00\",\"breadcrumb\":{\"@id\":\"https:\\\/\\\/moanawagner.com\\\/impressum\\\/#breadcrumb\"},\"inLanguage\":\"en-US\",\"potentialAction\":[{\"@type\":\"ReadAction\",\"target\":[\"https:\\\/\\\/moanawagner.com\\\/impressum\\\/\"]}]},{\"@type\":\"BreadcrumbList\",\"@id\":\"https:\\\/\\\/moanawagner.com\\\/impressum\\\/#breadcrumb\",\"itemListElement\":[{\"@type\":\"ListItem\",\"position\":1,\"name\":\"Startseite\",\"item\":\"https:\\\/\\\/moanawagner.com\\\/\"},{\"@type\":\"ListItem\",\"position\":2,\"name\":\"Impressum\"}]},{\"@type\":\"WebSite\",\"@id\":\"https:\\\/\\\/moanawagner.com\\\/#website\",\"url\":\"https:\\\/\\\/moanawagner.com\\\/\",\"name\":\"Moana Wagner\",\"description\":\"Face Yoga &amp; TCM - Empower your Goddess\",\"potentialAction\":[{\"@type\":\"SearchAction\",\"target\":{\"@type\":\"EntryPoint\",\"urlTemplate\":\"https:\\\/\\\/moanawagner.com\\\/?s={search_term_string}\"},\"query-input\":{\"@type\":\"PropertyValueSpecification\",\"valueRequired\":true,\"valueName\":\"search_term_string\"}}],\"inLanguage\":\"en-US\"}]}<\/script>\n<!-- \/ Yoast SEO plugin. -->","yoast_head_json":{"title":"Impressum - Moana Wagner","robots":{"index":"noindex","follow":"follow"},"og_locale":"en_US","og_type":"article","og_title":"Impressum - Moana Wagner","og_description":"Angaben gem\u00e4\u00df \u00a7 5 TMG: Moana WagnerLudersdorf 1398200 Gleisdorf\u00d6sterreich info@moanawagner.com Dieses Impressum gilt auch f\u00fcr unsere Facebook-Seite, unseren Instagram-Kanal und unseren YouTube-Kanal. Verantwortlich f\u00fcr den Inhalt nach \u00a7 18 Abs. 2 MStV: Moana WagnerLudersdorf 1398200 Gleisdorf\u00d6sterreich info@moanawagner.com Umsetzung, Gestaltung und Webdesign Idee: Moana WagnerFotos: Susanne Hassler Smith &#8211; www.susannehasslersmith.comUmsetzung, Webdesign &amp; Support: Michael Hennicke \u2013&nbsp; [&hellip;]","og_url":"https:\/\/moanawagner.com\/en\/impressum\/","og_site_name":"Moana Wagner","article_modified_time":"2021-11-18T13:37:35+00:00","twitter_card":"summary_large_image","twitter_misc":{"Est. reading time":"1 minute"},"schema":{"@context":"https:\/\/schema.org","@graph":[{"@type":"WebPage","@id":"https:\/\/moanawagner.com\/impressum\/","url":"https:\/\/moanawagner.com\/impressum\/","name":"Impressum - Moana Wagner","isPartOf":{"@id":"https:\/\/moanawagner.com\/#website"},"datePublished":"2020-12-30T08:01:29+00:00","dateModified":"2021-11-18T13:37:35+00:00","breadcrumb":{"@id":"https:\/\/moanawagner.com\/impressum\/#breadcrumb"},"inLanguage":"en-US","potentialAction":[{"@type":"ReadAction","target":["https:\/\/moanawagner.com\/impressum\/"]}]},{"@type":"BreadcrumbList","@id":"https:\/\/moanawagner.com\/impressum\/#breadcrumb","itemListElement":[{"@type":"ListItem","position":1,"name":"Startseite","item":"https:\/\/moanawagner.com\/"},{"@type":"ListItem","position":2,"name":"Impressum"}]},{"@type":"WebSite","@id":"https:\/\/moanawagner.com\/#website","url":"https:\/\/moanawagner.com\/","name":"Moana Wagner","description":"Face Yoga &amp; TCM - Empower your Goddess","potentialAction":[{"@type":"SearchAction","target":{"@type":"EntryPoint","urlTemplate":"https:\/\/moanawagner.com\/?s={search_term_string}"},"query-input":{"@type":"PropertyValueSpecification","valueRequired":true,"valueName":"search_term_string"}}],"inLanguage":"en-US"}]}},"jetpack_sharing_enabled":true,"_links":{"self":[{"href":"https:\/\/moanawagner.com\/en\/wp-json\/wp\/v2\/pages\/599","targetHints":{"allow":["GET"]}}],"collection":[{"href":"https:\/\/moanawagner.com\/en\/wp-json\/wp\/v2\/pages"}],"about":[{"href":"https:\/\/moanawagner.com\/en\/wp-json\/wp\/v2\/types\/page"}],"author":[{"embeddable":true,"href":"https:\/\/moanawagner.com\/en\/wp-json\/wp\/v2\/users\/2"}],"replies":[{"embeddable":true,"href":"https:\/\/moanawagner.com\/en\/wp-json\/wp\/v2\/comments?post=599"}],"version-history":[{"count":3,"href":"https:\/\/moanawagner.com\/en\/wp-json\/wp\/v2\/pages\/599\/revisions"}],"predecessor-version":[{"id":3211,"href":"https:\/\/moanawagner.com\/en\/wp-json\/wp\/v2\/pages\/599\/revisions\/3211"}],"wp:attachment":[{"href":"https:\/\/moanawagner.com\/en\/wp-json\/wp\/v2\/media?parent=599"}],"curies":[{"name":"wp","href":"https:\/\/api.w.org\/{rel}","templated":true}]}}