{"id":464,"date":"2020-12-25T17:47:13","date_gmt":"2020-12-25T16:47:13","guid":{"rendered":"https:\/\/moanawagner.com\/?page_id=464"},"modified":"2023-01-11T14:28:21","modified_gmt":"2023-01-11T13:28:21","slug":"fragen-und-antworten","status":"publish","type":"page","link":"https:\/\/moanawagner.com\/en\/fragen-und-antworten\/","title":{"rendered":"Fragen und Antworten"},"content":{"rendered":"\t\t<div data-elementor-type=\"wp-page\" data-elementor-id=\"464\" class=\"elementor elementor-464\" data-elementor-post-type=\"page\">\n\t\t\t\t<main class=\"elementor-element elementor-element-8f0cd37 e-flex e-con-boxed e-con e-parent\" data-id=\"8f0cd37\" data-element_type=\"container\" data-e-type=\"container\" data-settings=\"{&quot;background_background&quot;:&quot;classic&quot;}\">\n\t\t\t\t\t<div class=\"e-con-inner\">\n\t\t<div class=\"elementor-element elementor-element-52973f7 e-con-full e-flex e-con e-child\" data-id=\"52973f7\" data-element_type=\"container\" data-e-type=\"container\">\n\t\t\t\t<div class=\"elementor-element elementor-element-90765db elementor-widget elementor-widget-heading\" data-id=\"90765db\" data-element_type=\"widget\" data-e-type=\"widget\" data-widget_type=\"heading.default\">\n\t\t\t\t\t<h1 class=\"elementor-heading-title elementor-size-default\">Fragen &amp; Antworten<\/h1>\t\t\t\t<\/div>\n\t\t\t\t<\/div>\n\t\t\t\t\t<\/div>\n\t\t\t\t<\/main>\n\t\t<main class=\"elementor-element elementor-element-107ed38 e-flex e-con-boxed e-con e-parent\" data-id=\"107ed38\" data-element_type=\"container\" data-e-type=\"container\">\n\t\t\t\t\t<div class=\"e-con-inner\">\n\t\t<div class=\"elementor-element elementor-element-8381cab e-con-full e-flex e-con e-child\" data-id=\"8381cab\" data-element_type=\"container\" data-e-type=\"container\">\n\t\t\t\t<div class=\"elementor-element elementor-element-b7985c2 elementor-widget elementor-widget-heading\" data-id=\"b7985c2\" data-element_type=\"widget\" data-e-type=\"widget\" data-widget_type=\"heading.default\">\n\t\t\t\t\t<h2 class=\"elementor-heading-title elementor-size-default\">Fragen und Antworten rund um Face Yoga<\/h2>\t\t\t\t<\/div>\n\t\t\t\t<div class=\"elementor-element elementor-element-56330c2 elementor-widget elementor-widget-accordion\" data-id=\"56330c2\" data-element_type=\"widget\" data-e-type=\"widget\" data-widget_type=\"accordion.default\">\n\t\t\t\t\t\t\t<div class=\"elementor-accordion\">\n\t\t\t\t\t\t\t<div class=\"elementor-accordion-item\">\n\t\t\t\t\t<h3 id=\"elementor-tab-title-9031\" class=\"elementor-tab-title\" data-tab=\"1\" role=\"button\" aria-controls=\"elementor-tab-content-9031\" aria-expanded=\"false\">\n\t\t\t\t\t\t\t\t\t\t\t\t\t<span class=\"elementor-accordion-icon elementor-accordion-icon-left\" aria-hidden=\"true\">\n\t\t\t\t\t\t\t\t\t\t\t\t\t\t\t<span class=\"elementor-accordion-icon-closed\"><i class=\"fas fa-plus\"><\/i><\/span>\n\t\t\t\t\t\t\t\t<span class=\"elementor-accordion-icon-opened\"><i class=\"fas fa-minus\"><\/i><\/span>\n\t\t\t\t\t\t\t\t\t\t\t\t\t\t<\/span>\n\t\t\t\t\t\t\t\t\t\t\t\t<a class=\"elementor-accordion-title\" tabindex=\"0\">Was ist Face Yoga?<\/a>\n\t\t\t\t\t<\/h3>\n\t\t\t\t\t<div id=\"elementor-tab-content-9031\" class=\"elementor-tab-content elementor-clearfix\" data-tab=\"1\" role=\"region\" aria-labelledby=\"elementor-tab-title-9031\"><p>Face Yoga ist ein Training f\u00fcr die Gesichtsmuskeln, das dich unterst\u00fctzt, jugendlich und strahlend auszusehen. Es hilft, Falten und schlaffe Haut auf nat\u00fcrliche Weise zu beeinflussen, indem es die Gesichtsmuskeln aktiviert, anhebt und strafft. Auf diese Weise gewinnt man mehr Volumen und die Haut mehr Auflagefl\u00e4che, wodurch sie gegl\u00e4ttet wird.<\/p><\/div>\n\t\t\t\t<\/div>\n\t\t\t\t\t\t\t<div class=\"elementor-accordion-item\">\n\t\t\t\t\t<h3 id=\"elementor-tab-title-9032\" class=\"elementor-tab-title\" data-tab=\"2\" role=\"button\" aria-controls=\"elementor-tab-content-9032\" aria-expanded=\"false\">\n\t\t\t\t\t\t\t\t\t\t\t\t\t<span class=\"elementor-accordion-icon elementor-accordion-icon-left\" aria-hidden=\"true\">\n\t\t\t\t\t\t\t\t\t\t\t\t\t\t\t<span class=\"elementor-accordion-icon-closed\"><i class=\"fas fa-plus\"><\/i><\/span>\n\t\t\t\t\t\t\t\t<span class=\"elementor-accordion-icon-opened\"><i class=\"fas fa-minus\"><\/i><\/span>\n\t\t\t\t\t\t\t\t\t\t\t\t\t\t<\/span>\n\t\t\t\t\t\t\t\t\t\t\t\t<a class=\"elementor-accordion-title\" tabindex=\"0\">Wie funktioniert Face Yoga?<\/a>\n\t\t\t\t\t<\/h3>\n\t\t\t\t\t<div id=\"elementor-tab-content-9032\" class=\"elementor-tab-content elementor-clearfix\" data-tab=\"2\" role=\"region\" aria-labelledby=\"elementor-tab-title-9032\"><p>Durch das Trainieren der Gesichtsmuskeln wird die Durchblutung in den Muskeln, der Haut, des Gehirns und der Dr\u00fcsen erh\u00f6ht. Die st\u00e4rkere Durchblutung verteilt mehr N\u00e4hrstoffe in allen Bereichen, es werden vermehrt Kollagen und Elastin produziert und die Haut erlangt dadurch mehr Festigkeit und Elastizit\u00e4t. Das ist der Grund, warum Face Yoga dabei unterst\u00fctzt, j\u00fcnger auszusehen, sich j\u00fcnger zu f\u00fchlen und von innen nach au\u00dfen zu strahlen.<\/p><\/div>\n\t\t\t\t<\/div>\n\t\t\t\t\t\t\t<div class=\"elementor-accordion-item\">\n\t\t\t\t\t<h3 id=\"elementor-tab-title-9033\" class=\"elementor-tab-title\" data-tab=\"3\" role=\"button\" aria-controls=\"elementor-tab-content-9033\" aria-expanded=\"false\">\n\t\t\t\t\t\t\t\t\t\t\t\t\t<span class=\"elementor-accordion-icon elementor-accordion-icon-left\" aria-hidden=\"true\">\n\t\t\t\t\t\t\t\t\t\t\t\t\t\t\t<span class=\"elementor-accordion-icon-closed\"><i class=\"fas fa-plus\"><\/i><\/span>\n\t\t\t\t\t\t\t\t<span class=\"elementor-accordion-icon-opened\"><i class=\"fas fa-minus\"><\/i><\/span>\n\t\t\t\t\t\t\t\t\t\t\t\t\t\t<\/span>\n\t\t\t\t\t\t\t\t\t\t\t\t<a class=\"elementor-accordion-title\" tabindex=\"0\">Wieviel Zeit muss ich in mein t\u00e4gliches Face Yoga Workout investieren?<\/a>\n\t\t\t\t\t<\/h3>\n\t\t\t\t\t<div id=\"elementor-tab-content-9033\" class=\"elementor-tab-content elementor-clearfix\" data-tab=\"3\" role=\"region\" aria-labelledby=\"elementor-tab-title-9033\"><p>Dein t\u00e4glicher Zeitaufwand f\u00fcr dein Face Yoga Workout betr\u00e4gt 10 Minuten. In dieser kurzen Zeit l\u00e4sst sich dein gesamtes Gesicht trainieren \u2013 das sind \u00fcber 50 Muskeln.<\/p><\/div>\n\t\t\t\t<\/div>\n\t\t\t\t\t\t\t<div class=\"elementor-accordion-item\">\n\t\t\t\t\t<h3 id=\"elementor-tab-title-9034\" class=\"elementor-tab-title\" data-tab=\"4\" role=\"button\" aria-controls=\"elementor-tab-content-9034\" aria-expanded=\"false\">\n\t\t\t\t\t\t\t\t\t\t\t\t\t<span class=\"elementor-accordion-icon elementor-accordion-icon-left\" aria-hidden=\"true\">\n\t\t\t\t\t\t\t\t\t\t\t\t\t\t\t<span class=\"elementor-accordion-icon-closed\"><i class=\"fas fa-plus\"><\/i><\/span>\n\t\t\t\t\t\t\t\t<span class=\"elementor-accordion-icon-opened\"><i class=\"fas fa-minus\"><\/i><\/span>\n\t\t\t\t\t\t\t\t\t\t\t\t\t\t<\/span>\n\t\t\t\t\t\t\t\t\t\t\t\t<a class=\"elementor-accordion-title\" tabindex=\"0\">Wann sehe ich die ersten Resultate?<\/a>\n\t\t\t\t\t<\/h3>\n\t\t\t\t\t<div id=\"elementor-tab-content-9034\" class=\"elementor-tab-content elementor-clearfix\" data-tab=\"4\" role=\"region\" aria-labelledby=\"elementor-tab-title-9034\"><p>Die Muskeln in deinem Gesicht sind klein und direkt miteinander verbunden. Wann die ersten sichtbaren Resultate da sind, ist individuell und h\u00e4ngt stark von deinem Alter, deinem Gravitationstyp und Lebensstil ab. Wie auch sonst, erzielst du schnellere Ergebnisse, wenn du gesund isst, ausreichend schl\u00e4fst, dich gen\u00fcgend bewegst und emotional ausgewogen lebst.<\/p><p>Auf alle F\u00e4lle siehst und sp\u00fcrst du erstmals einen Unterschied, nachdem du die ersten drei \u00dcbungen absolviert hast. Permanente Resultate wirst du fr\u00fchestens ab 14 Tagen erkennen.<\/p><p>Ich empfehle dir, unbedingt Fotos von deinem Gesicht zu machen, bevor du mit dem Programm startest und danach am Ende des Programms noch einmal. Du wirst erstaunt sein!<\/p><\/div>\n\t\t\t\t<\/div>\n\t\t\t\t\t\t\t<div class=\"elementor-accordion-item\">\n\t\t\t\t\t<h3 id=\"elementor-tab-title-9035\" class=\"elementor-tab-title\" data-tab=\"5\" role=\"button\" aria-controls=\"elementor-tab-content-9035\" aria-expanded=\"false\">\n\t\t\t\t\t\t\t\t\t\t\t\t\t<span class=\"elementor-accordion-icon elementor-accordion-icon-left\" aria-hidden=\"true\">\n\t\t\t\t\t\t\t\t\t\t\t\t\t\t\t<span class=\"elementor-accordion-icon-closed\"><i class=\"fas fa-plus\"><\/i><\/span>\n\t\t\t\t\t\t\t\t<span class=\"elementor-accordion-icon-opened\"><i class=\"fas fa-minus\"><\/i><\/span>\n\t\t\t\t\t\t\t\t\t\t\t\t\t\t<\/span>\n\t\t\t\t\t\t\t\t\t\t\t\t<a class=\"elementor-accordion-title\" tabindex=\"0\">Wie kann mir Face Yoga helfen?<\/a>\n\t\t\t\t\t<\/h3>\n\t\t\t\t\t<div id=\"elementor-tab-content-9035\" class=\"elementor-tab-content elementor-clearfix\" data-tab=\"5\" role=\"region\" aria-labelledby=\"elementor-tab-title-9035\"><p>Mit nur 10 Minuten pro Tag lassen sich nicht nur Alterserscheinungen und Falten im Gesicht ver\u00e4ndern. Das t\u00e4gliche \u00dcben formt deine Gesichtsmuskeln, hebt sie an, reduziert bestehende Linien, regeneriert deine Haut und verbessert die Gesundheit im Allgemeinen.<\/p><p>Face Yoga kann genauso dabei unterst\u00fctzen, Kopfschmerzen zu beseitigen, die Konzentration zu steigern und Hormone auszugleichen.<br \/>Auf alle F\u00e4lle verbessert es dein Wohlbefinden, deine K\u00f6rperhaltung und deine F\u00e4higkeit, dich zu entspannen.<\/p><\/div>\n\t\t\t\t<\/div>\n\t\t\t\t\t\t\t\t\t\t<script type=\"application\/ld+json\">{\"@context\":\"https:\\\/\\\/schema.org\",\"@type\":\"FAQPage\",\"mainEntity\":[{\"@type\":\"Question\",\"name\":\"Was ist Face Yoga?\",\"acceptedAnswer\":{\"@type\":\"Answer\",\"text\":\"<p>Face Yoga ist ein Training f\\u00fcr die Gesichtsmuskeln, das dich unterst\\u00fctzt, jugendlich und strahlend auszusehen. Es hilft, Falten und schlaffe Haut auf nat\\u00fcrliche Weise zu beeinflussen, indem es die Gesichtsmuskeln aktiviert, anhebt und strafft. Auf diese Weise gewinnt man mehr Volumen und die Haut mehr Auflagefl\\u00e4che, wodurch sie gegl\\u00e4ttet wird.<\\\/p>\"}},{\"@type\":\"Question\",\"name\":\"Wie funktioniert Face Yoga?\",\"acceptedAnswer\":{\"@type\":\"Answer\",\"text\":\"<p>Durch das Trainieren der Gesichtsmuskeln wird die Durchblutung in den Muskeln, der Haut, des Gehirns und der Dr\\u00fcsen erh\\u00f6ht. Die st\\u00e4rkere Durchblutung verteilt mehr N\\u00e4hrstoffe in allen Bereichen, es werden vermehrt Kollagen und Elastin produziert und die Haut erlangt dadurch mehr Festigkeit und Elastizit\\u00e4t. Das ist der Grund, warum Face Yoga dabei unterst\\u00fctzt, j\\u00fcnger auszusehen, sich j\\u00fcnger zu f\\u00fchlen und von innen nach au\\u00dfen zu strahlen.<\\\/p>\"}},{\"@type\":\"Question\",\"name\":\"Wieviel Zeit muss ich in mein t\\u00e4gliches Face Yoga Workout investieren?\",\"acceptedAnswer\":{\"@type\":\"Answer\",\"text\":\"<p>Dein t\\u00e4glicher Zeitaufwand f\\u00fcr dein Face Yoga Workout betr\\u00e4gt 10 Minuten. In dieser kurzen Zeit l\\u00e4sst sich dein gesamtes Gesicht trainieren \\u2013 das sind \\u00fcber 50 Muskeln.<\\\/p>\"}},{\"@type\":\"Question\",\"name\":\"Wann sehe ich die ersten Resultate?\",\"acceptedAnswer\":{\"@type\":\"Answer\",\"text\":\"<p>Die Muskeln in deinem Gesicht sind klein und direkt miteinander verbunden. Wann die ersten sichtbaren Resultate da sind, ist individuell und h\\u00e4ngt stark von deinem Alter, deinem Gravitationstyp und Lebensstil ab. Wie auch sonst, erzielst du schnellere Ergebnisse, wenn du gesund isst, ausreichend schl\\u00e4fst, dich gen\\u00fcgend bewegst und emotional ausgewogen lebst.<\\\/p><p>Auf alle F\\u00e4lle siehst und sp\\u00fcrst du erstmals einen Unterschied, nachdem du die ersten drei \\u00dcbungen absolviert hast. Permanente Resultate wirst du fr\\u00fchestens ab 14 Tagen erkennen.<\\\/p><p>Ich empfehle dir, unbedingt Fotos von deinem Gesicht zu machen, bevor du mit dem Programm startest und danach am Ende des Programms noch einmal. Du wirst erstaunt sein!<\\\/p>\"}},{\"@type\":\"Question\",\"name\":\"Wie kann mir Face Yoga helfen?\",\"acceptedAnswer\":{\"@type\":\"Answer\",\"text\":\"<p>Mit nur 10 Minuten pro Tag lassen sich nicht nur Alterserscheinungen und Falten im Gesicht ver\\u00e4ndern. Das t\\u00e4gliche \\u00dcben formt deine Gesichtsmuskeln, hebt sie an, reduziert bestehende Linien, regeneriert deine Haut und verbessert die Gesundheit im Allgemeinen.<\\\/p><p>Face Yoga kann genauso dabei unterst\\u00fctzen, Kopfschmerzen zu beseitigen, die Konzentration zu steigern und Hormone auszugleichen.<br \\\/>Auf alle F\\u00e4lle verbessert es dein Wohlbefinden, deine K\\u00f6rperhaltung und deine F\\u00e4higkeit, dich zu entspannen.<\\\/p>\"}}]}<\/script>\n\t\t\t\t\t<\/div>\n\t\t\t\t\t\t<\/div>\n\t\t\t\t<div class=\"elementor-element elementor-element-2b84763 elementor-widget elementor-widget-heading\" data-id=\"2b84763\" data-element_type=\"widget\" data-e-type=\"widget\" data-widget_type=\"heading.default\">\n\t\t\t\t\t<h2 class=\"elementor-heading-title elementor-size-default\">M\u00f6chtest du mehr dar\u00fcber erfahren, wie ich dir helfen kann, wieder in deine g\u00f6ttliche Kraft zu finden?<\/h2>\t\t\t\t<\/div>\n\t\t\t\t<div class=\"elementor-element elementor-element-aecbb56 elementor-widget elementor-widget-text-editor\" data-id=\"aecbb56\" data-element_type=\"widget\" data-e-type=\"widget\" data-widget_type=\"text-editor.default\">\n\t\t\t\t\t\t\t\t\t<p>Dann schau dir unbedingt meine Kurse und Beratungsangebote an!<\/p>\t\t\t\t\t\t\t\t<\/div>\n\t\t\t\t<div class=\"elementor-element elementor-element-cbfae60 elementor-widget elementor-widget-button\" data-id=\"cbfae60\" data-element_type=\"widget\" data-e-type=\"widget\" data-widget_type=\"button.default\">\n\t\t\t\t\t\t\t\t\t\t<a class=\"elementor-button elementor-button-link elementor-size-sm\" href=\"https:\/\/moanawagner.com\/en\/angebote\/\">\n\t\t\t\t\t\t<span class=\"elementor-button-content-wrapper\">\n\t\t\t\t\t\t\t\t\t<span class=\"elementor-button-text\">Mehr \u00fcber meine Kurse erfahren<\/span>\n\t\t\t\t\t<\/span>\n\t\t\t\t\t<\/a>\n\t\t\t\t\t\t\t\t<\/div>\n\t\t\t\t<\/div>\n\t\t\t\t\t<\/div>\n\t\t\t\t<\/main>\n\t\t\t\t<\/div>\n\t\t","protected":false},"excerpt":{"rendered":"<p>Fragen &#038; Antworten Fragen und Antworten rund um Face Yoga Was ist Face Yoga? Face Yoga ist ein Training f\u00fcr die Gesichtsmuskeln, das dich unterst\u00fctzt, jugendlich und strahlend auszusehen. Es hilft, Falten und schlaffe Haut auf nat\u00fcrliche Weise zu beeinflussen, indem es die Gesichtsmuskeln aktiviert, anhebt und strafft. Auf diese Weise gewinnt man mehr Volumen [&hellip;]<\/p>\n","protected":false},"author":2,"featured_media":0,"parent":0,"menu_order":0,"comment_status":"closed","ping_status":"closed","template":"elementor_header_footer","meta":{"site-sidebar-layout":"default","site-content-layout":"","ast-site-content-layout":"default","site-content-style":"default","site-sidebar-style":"default","ast-global-header-display":"","ast-banner-title-visibility":"","ast-main-header-display":"","ast-hfb-above-header-display":"","ast-hfb-below-header-display":"","ast-hfb-mobile-header-display":"","site-post-title":"","ast-breadcrumbs-content":"","ast-featured-img":"","footer-sml-layout":"","ast-disable-related-posts":"","theme-transparent-header-meta":"","adv-header-id-meta":"","stick-header-meta":"","header-above-stick-meta":"","header-main-stick-meta":"","header-below-stick-meta":"","astra-migrate-meta-layouts":"default","ast-page-background-enabled":"default","ast-page-background-meta":{"desktop":{"background-color":"var(--ast-global-color-4)","background-image":"","background-repeat":"repeat","background-position":"center center","background-size":"auto","background-attachment":"scroll","background-type":"","background-media":"","overlay-type":"","overlay-color":"","overlay-opacity":"","overlay-gradient":""},"tablet":{"background-color":"","background-image":"","background-repeat":"repeat","background-position":"center center","background-size":"auto","background-attachment":"scroll","background-type":"","background-media":"","overlay-type":"","overlay-color":"","overlay-opacity":"","overlay-gradient":""},"mobile":{"background-color":"","background-image":"","background-repeat":"repeat","background-position":"center center","background-size":"auto","background-attachment":"scroll","background-type":"","background-media":"","overlay-type":"","overlay-color":"","overlay-opacity":"","overlay-gradient":""}},"ast-content-background-meta":{"desktop":{"background-color":"var(--ast-global-color-5)","background-image":"","background-repeat":"repeat","background-position":"center center","background-size":"auto","background-attachment":"scroll","background-type":"","background-media":"","overlay-type":"","overlay-color":"","overlay-opacity":"","overlay-gradient":""},"tablet":{"background-color":"var(--ast-global-color-5)","background-image":"","background-repeat":"repeat","background-position":"center center","background-size":"auto","background-attachment":"scroll","background-type":"","background-media":"","overlay-type":"","overlay-color":"","overlay-opacity":"","overlay-gradient":""},"mobile":{"background-color":"var(--ast-global-color-5)","background-image":"","background-repeat":"repeat","background-position":"center center","background-size":"auto","background-attachment":"scroll","background-type":"","background-media":"","overlay-type":"","overlay-color":"","overlay-opacity":"","overlay-gradient":""}},"footnotes":""},"class_list":["post-464","page","type-page","status-publish","hentry"],"yoast_head":"<!-- This site is optimized with the Yoast SEO plugin v27.3 - https:\/\/yoast.com\/product\/yoast-seo-wordpress\/ -->\n<title>Fragen und Antworten - Moana Wagner<\/title>\n<meta name=\"robots\" content=\"index, follow, max-snippet:-1, max-image-preview:large, max-video-preview:-1\" \/>\n<link rel=\"canonical\" href=\"https:\/\/moanawagner.com\/en\/fragen-und-antworten\/\" \/>\n<meta property=\"og:locale\" content=\"en_US\" \/>\n<meta property=\"og:type\" content=\"article\" \/>\n<meta property=\"og:title\" content=\"Fragen und Antworten - Moana Wagner\" \/>\n<meta property=\"og:description\" content=\"Fragen &#038; Antworten Fragen und Antworten rund um Face Yoga Was ist Face Yoga? Face Yoga ist ein Training f\u00fcr die Gesichtsmuskeln, das dich unterst\u00fctzt, jugendlich und strahlend auszusehen. Es hilft, Falten und schlaffe Haut auf nat\u00fcrliche Weise zu beeinflussen, indem es die Gesichtsmuskeln aktiviert, anhebt und strafft. Auf diese Weise gewinnt man mehr Volumen [&hellip;]\" \/>\n<meta property=\"og:url\" content=\"https:\/\/moanawagner.com\/en\/fragen-und-antworten\/\" \/>\n<meta property=\"og:site_name\" content=\"Moana Wagner\" \/>\n<meta property=\"article:modified_time\" content=\"2023-01-11T13:28:21+00:00\" \/>\n<meta name=\"twitter:card\" content=\"summary_large_image\" \/>\n<meta name=\"twitter:label1\" content=\"Est. reading time\" \/>\n\t<meta name=\"twitter:data1\" content=\"3 minutes\" \/>\n<script type=\"application\/ld+json\" class=\"yoast-schema-graph\">{\"@context\":\"https:\\\/\\\/schema.org\",\"@graph\":[{\"@type\":\"WebPage\",\"@id\":\"https:\\\/\\\/moanawagner.com\\\/fragen-und-antworten\\\/\",\"url\":\"https:\\\/\\\/moanawagner.com\\\/fragen-und-antworten\\\/\",\"name\":\"Fragen und Antworten - Moana Wagner\",\"isPartOf\":{\"@id\":\"https:\\\/\\\/moanawagner.com\\\/#website\"},\"datePublished\":\"2020-12-25T16:47:13+00:00\",\"dateModified\":\"2023-01-11T13:28:21+00:00\",\"breadcrumb\":{\"@id\":\"https:\\\/\\\/moanawagner.com\\\/fragen-und-antworten\\\/#breadcrumb\"},\"inLanguage\":\"en-US\",\"potentialAction\":[{\"@type\":\"ReadAction\",\"target\":[\"https:\\\/\\\/moanawagner.com\\\/fragen-und-antworten\\\/\"]}]},{\"@type\":\"BreadcrumbList\",\"@id\":\"https:\\\/\\\/moanawagner.com\\\/fragen-und-antworten\\\/#breadcrumb\",\"itemListElement\":[{\"@type\":\"ListItem\",\"position\":1,\"name\":\"Startseite\",\"item\":\"https:\\\/\\\/moanawagner.com\\\/\"},{\"@type\":\"ListItem\",\"position\":2,\"name\":\"Fragen und Antworten\"}]},{\"@type\":\"WebSite\",\"@id\":\"https:\\\/\\\/moanawagner.com\\\/#website\",\"url\":\"https:\\\/\\\/moanawagner.com\\\/\",\"name\":\"Moana Wagner\",\"description\":\"Face Yoga &amp; TCM - Empower your Goddess\",\"potentialAction\":[{\"@type\":\"SearchAction\",\"target\":{\"@type\":\"EntryPoint\",\"urlTemplate\":\"https:\\\/\\\/moanawagner.com\\\/?s={search_term_string}\"},\"query-input\":{\"@type\":\"PropertyValueSpecification\",\"valueRequired\":true,\"valueName\":\"search_term_string\"}}],\"inLanguage\":\"en-US\"}]}<\/script>\n<!-- \/ Yoast SEO plugin. -->","yoast_head_json":{"title":"Fragen und Antworten - Moana Wagner","robots":{"index":"index","follow":"follow","max-snippet":"max-snippet:-1","max-image-preview":"max-image-preview:large","max-video-preview":"max-video-preview:-1"},"canonical":"https:\/\/moanawagner.com\/en\/fragen-und-antworten\/","og_locale":"en_US","og_type":"article","og_title":"Fragen und Antworten - Moana Wagner","og_description":"Fragen &#038; Antworten Fragen und Antworten rund um Face Yoga Was ist Face Yoga? Face Yoga ist ein Training f\u00fcr die Gesichtsmuskeln, das dich unterst\u00fctzt, jugendlich und strahlend auszusehen. Es hilft, Falten und schlaffe Haut auf nat\u00fcrliche Weise zu beeinflussen, indem es die Gesichtsmuskeln aktiviert, anhebt und strafft. Auf diese Weise gewinnt man mehr Volumen [&hellip;]","og_url":"https:\/\/moanawagner.com\/en\/fragen-und-antworten\/","og_site_name":"Moana Wagner","article_modified_time":"2023-01-11T13:28:21+00:00","twitter_card":"summary_large_image","twitter_misc":{"Est. reading time":"3 minutes"},"schema":{"@context":"https:\/\/schema.org","@graph":[{"@type":"WebPage","@id":"https:\/\/moanawagner.com\/fragen-und-antworten\/","url":"https:\/\/moanawagner.com\/fragen-und-antworten\/","name":"Fragen und Antworten - Moana Wagner","isPartOf":{"@id":"https:\/\/moanawagner.com\/#website"},"datePublished":"2020-12-25T16:47:13+00:00","dateModified":"2023-01-11T13:28:21+00:00","breadcrumb":{"@id":"https:\/\/moanawagner.com\/fragen-und-antworten\/#breadcrumb"},"inLanguage":"en-US","potentialAction":[{"@type":"ReadAction","target":["https:\/\/moanawagner.com\/fragen-und-antworten\/"]}]},{"@type":"BreadcrumbList","@id":"https:\/\/moanawagner.com\/fragen-und-antworten\/#breadcrumb","itemListElement":[{"@type":"ListItem","position":1,"name":"Startseite","item":"https:\/\/moanawagner.com\/"},{"@type":"ListItem","position":2,"name":"Fragen und Antworten"}]},{"@type":"WebSite","@id":"https:\/\/moanawagner.com\/#website","url":"https:\/\/moanawagner.com\/","name":"Moana Wagner","description":"Face Yoga &amp; TCM - Empower your Goddess","potentialAction":[{"@type":"SearchAction","target":{"@type":"EntryPoint","urlTemplate":"https:\/\/moanawagner.com\/?s={search_term_string}"},"query-input":{"@type":"PropertyValueSpecification","valueRequired":true,"valueName":"search_term_string"}}],"inLanguage":"en-US"}]}},"jetpack_sharing_enabled":true,"_links":{"self":[{"href":"https:\/\/moanawagner.com\/en\/wp-json\/wp\/v2\/pages\/464","targetHints":{"allow":["GET"]}}],"collection":[{"href":"https:\/\/moanawagner.com\/en\/wp-json\/wp\/v2\/pages"}],"about":[{"href":"https:\/\/moanawagner.com\/en\/wp-json\/wp\/v2\/types\/page"}],"author":[{"embeddable":true,"href":"https:\/\/moanawagner.com\/en\/wp-json\/wp\/v2\/users\/2"}],"replies":[{"embeddable":true,"href":"https:\/\/moanawagner.com\/en\/wp-json\/wp\/v2\/comments?post=464"}],"version-history":[{"count":83,"href":"https:\/\/moanawagner.com\/en\/wp-json\/wp\/v2\/pages\/464\/revisions"}],"predecessor-version":[{"id":5257,"href":"https:\/\/moanawagner.com\/en\/wp-json\/wp\/v2\/pages\/464\/revisions\/5257"}],"wp:attachment":[{"href":"https:\/\/moanawagner.com\/en\/wp-json\/wp\/v2\/media?parent=464"}],"curies":[{"name":"wp","href":"https:\/\/api.w.org\/{rel}","templated":true}]}}