{"id":4401,"date":"2022-08-20T23:21:20","date_gmt":"2022-08-20T21:21:20","guid":{"rendered":"https:\/\/moanawagner.com\/?page_id=4401"},"modified":"2023-02-17T18:01:49","modified_gmt":"2023-02-17T17:01:49","slug":"newsletter","status":"publish","type":"page","link":"https:\/\/moanawagner.com\/en\/newsletter\/","title":{"rendered":"Newsletter"},"content":{"rendered":"\t\t<div data-elementor-type=\"wp-page\" data-elementor-id=\"4401\" class=\"elementor elementor-4401\" data-elementor-post-type=\"page\">\n\t\t\t\t<aside class=\"elementor-element elementor-element-84c2046 e-flex e-con-boxed e-con e-parent\" data-id=\"84c2046\" data-element_type=\"container\" data-e-type=\"container\" data-settings=\"{&quot;background_background&quot;:&quot;classic&quot;}\">\n\t\t\t\t\t<div class=\"e-con-inner\">\n\t\t<div class=\"elementor-element elementor-element-180bf9c e-con-full e-flex e-con e-child\" data-id=\"180bf9c\" data-element_type=\"container\" data-e-type=\"container\">\n\t\t\t\t<div class=\"elementor-element elementor-element-4413862 elementor-widget elementor-widget-heading\" data-id=\"4413862\" data-element_type=\"widget\" data-e-type=\"widget\" data-widget_type=\"heading.default\">\n\t\t\t\t\t<h3 class=\"elementor-heading-title elementor-size-default\">M\u00f6chtest du mehr \u00fcber Face Yoga &amp; TCM erfahren?<\/h3>\t\t\t\t<\/div>\n\t\t\t\t<div class=\"elementor-element elementor-element-535e4e1 elementor-widget elementor-widget-heading\" data-id=\"535e4e1\" data-element_type=\"widget\" data-e-type=\"widget\" data-widget_type=\"heading.default\">\n\t\t\t\t\t<h2 class=\"elementor-heading-title elementor-size-default\">Dann abonniere jetzt meinen Glow-letter!<\/h2>\t\t\t\t<\/div>\n\t\t\t\t<div class=\"elementor-element elementor-element-65915c3 elementor-widget elementor-widget-text-editor\" data-id=\"65915c3\" data-element_type=\"widget\" data-e-type=\"widget\" data-widget_type=\"text-editor.default\">\n\t\t\t\t\t\t\t\t\t<p>Als Dankesch\u00f6n bekommst du eine Video-Anleitung zugeschickt, um die Spannungen des Tages im oberen Gesichtsbereich abzubauen und dich zu entspannen.<\/p>\t\t\t\t\t\t\t\t<\/div>\n\t\t\t\t<div class=\"elementor-element elementor-element-19c9fd9 elementor-button-align-stretch elementor-widget elementor-widget-form\" data-id=\"19c9fd9\" data-element_type=\"widget\" data-e-type=\"widget\" data-settings=\"{&quot;button_width&quot;:&quot;33&quot;,&quot;step_next_label&quot;:&quot;N\\u00e4chster&quot;,&quot;step_previous_label&quot;:&quot;Voriger&quot;,&quot;step_type&quot;:&quot;number_text&quot;,&quot;step_icon_shape&quot;:&quot;circle&quot;}\" data-widget_type=\"form.default\">\n\t\t\t\t\t\t\t<form class=\"elementor-form\" method=\"post\" name=\"Neues Formular\" aria-label=\"Neues Formular\">\n\t\t\t<input type=\"hidden\" name=\"post_id\" value=\"4401\"\/>\n\t\t\t<input type=\"hidden\" name=\"form_id\" value=\"19c9fd9\"\/>\n\t\t\t<input type=\"hidden\" name=\"referer_title\" value=\"Newsletter - Moana Wagner\" \/>\n\n\t\t\t\t\t\t\t<input type=\"hidden\" name=\"queried_id\" value=\"4401\"\/>\n\t\t\t\n\t\t\t<div class=\"elementor-form-fields-wrapper elementor-labels-\">\n\t\t\t\t\t\t\t\t<div class=\"elementor-field-type-text\">\n\t\t\t\t\t<input size=\"1\" type=\"text\" name=\"form_fields[field_5abc722]\" id=\"form-field-field_5abc722\" class=\"elementor-field elementor-size-lg \" style=\"display:none !important;\">\t\t\t\t<\/div>\n\t\t\t\t\t\t\t\t<div class=\"elementor-field-type-text\">\n\t\t\t\t\t<input size=\"1\" type=\"text\" name=\"form_fields[field_d8289c5]\" id=\"form-field-field_d8289c5\" class=\"elementor-field elementor-size-lg \" style=\"display:none !important;\">\t\t\t\t<\/div>\n\t\t\t\t\t\t\t\t<div class=\"elementor-field-type-text\">\n\t\t\t\t\t<input size=\"1\" type=\"text\" name=\"form_fields[field_2077c72]\" id=\"form-field-field_2077c72\" class=\"elementor-field elementor-size-lg \" style=\"display:none !important;\">\t\t\t\t<\/div>\n\t\t\t\t\t\t\t\t<div class=\"elementor-field-type-text elementor-field-group elementor-column elementor-field-group-vorname elementor-col-33 elementor-field-required\">\n\t\t\t\t\t\t\t\t\t\t\t\t<label for=\"form-field-vorname\" class=\"elementor-field-label elementor-screen-only\">\n\t\t\t\t\t\t\t\tVorname\t\t\t\t\t\t\t<\/label>\n\t\t\t\t\t\t\t\t\t\t\t\t\t\t<input size=\"1\" type=\"text\" name=\"form_fields[vorname]\" id=\"form-field-vorname\" class=\"elementor-field elementor-size-lg  elementor-field-textual\" placeholder=\"Vorname\" required=\"required\">\n\t\t\t\t\t\t\t\t\t\t\t<\/div>\n\t\t\t\t\t\t\t\t<div class=\"elementor-field-type-text\">\n\t\t\t\t\t<input size=\"1\" type=\"text\" name=\"form_fields[field_bd2d6c9]\" id=\"form-field-field_bd2d6c9\" class=\"elementor-field elementor-size-lg \" style=\"display:none !important;\">\t\t\t\t<\/div>\n\t\t\t\t\t\t\t\t<div class=\"elementor-field-type-email elementor-field-group elementor-column elementor-field-group-email elementor-col-33 elementor-field-required\">\n\t\t\t\t\t\t\t\t\t\t\t\t<label for=\"form-field-email\" class=\"elementor-field-label elementor-screen-only\">\n\t\t\t\t\t\t\t\tE-Mail\t\t\t\t\t\t\t<\/label>\n\t\t\t\t\t\t\t\t\t\t\t\t\t\t<input size=\"1\" type=\"email\" name=\"form_fields[email]\" id=\"form-field-email\" class=\"elementor-field elementor-size-lg  elementor-field-textual\" placeholder=\"E-Mail\" required=\"required\">\n\t\t\t\t\t\t\t\t\t\t\t<\/div>\n\t\t\t\t\t\t\t\t<div class=\"elementor-field-type-text\">\n\t\t\t\t\t<input size=\"1\" type=\"text\" name=\"form_fields[field_377575b]\" id=\"form-field-field_377575b\" class=\"elementor-field elementor-size-lg \" style=\"display:none !important;\">\t\t\t\t<\/div>\n\t\t\t\t\t\t\t\t<div class=\"elementor-field-type-text\">\n\t\t\t\t\t<input size=\"1\" type=\"text\" name=\"form_fields[field_eeff851]\" id=\"form-field-field_eeff851\" class=\"elementor-field elementor-size-lg \" style=\"display:none !important;\">\t\t\t\t<\/div>\n\t\t\t\t\t\t\t\t<div class=\"elementor-field-type-text\">\n\t\t\t\t\t<input size=\"1\" type=\"text\" name=\"form_fields[field_eac3d9d]\" id=\"form-field-field_eac3d9d\" class=\"elementor-field elementor-size-lg \" style=\"display:none !important;\">\t\t\t\t<\/div>\n\t\t\t\t\t\t\t\t<div class=\"elementor-field-type-text\">\n\t\t\t\t\t<input size=\"1\" type=\"text\" name=\"form_fields[field_7ecfbb4]\" id=\"form-field-field_7ecfbb4\" class=\"elementor-field elementor-size-lg \" style=\"display:none !important;\">\t\t\t\t<\/div>\n\t\t\t\t\t\t\t\t<div class=\"elementor-field-type-text\">\n\t\t\t\t\t<input size=\"1\" type=\"text\" name=\"form_fields[field_1accc0e]\" id=\"form-field-field_1accc0e\" class=\"elementor-field elementor-size-lg \" style=\"display:none !important;\">\t\t\t\t<\/div>\n\t\t\t\t\t\t\t\t<div class=\"elementor-field-type-text\">\n\t\t\t\t\t<input size=\"1\" type=\"text\" name=\"form_fields[field_224e7ae]\" id=\"form-field-field_224e7ae\" class=\"elementor-field elementor-size-lg \" style=\"display:none !important;\">\t\t\t\t<\/div>\n\t\t\t\t\t\t\t\t<div class=\"elementor-field-group elementor-column elementor-field-type-submit elementor-col-33 e-form__buttons\">\n\t\t\t\t\t<button class=\"elementor-button elementor-size-lg\" type=\"submit\">\n\t\t\t\t\t\t<span class=\"elementor-button-content-wrapper\">\n\t\t\t\t\t\t\t\t\t\t\t\t\t\t\t\t\t\t\t\t\t\t<span class=\"elementor-button-text\">Abonnieren *<\/span>\n\t\t\t\t\t\t\t\t\t\t\t\t\t<\/span>\n\t\t\t\t\t<\/button>\n\t\t\t\t<\/div>\n\t\t\t<\/div>\n\t\t<\/form>\n\t\t\t\t\t\t<\/div>\n\t\t\t\t<div class=\"elementor-element elementor-element-cb34f4a elementor-widget elementor-widget-text-editor\" data-id=\"cb34f4a\" data-element_type=\"widget\" data-e-type=\"widget\" data-widget_type=\"text-editor.default\">\n\t\t\t\t\t\t\t\t\t<p>* Mit dem Absenden deiner Anmeldung erkl\u00e4rst du dich einverstanden, dass deine Daten an meinen Maildienstleister <a href=\"https:\/\/de.sendinblue.com\/\" target=\"_blank\" rel=\"noopener\">Sendinblue<\/a> zum Zwecke der Weiterverarbeitung \u00fcbergeben und gem\u00e4\u00df deren <a href=\"https:\/\/de.sendinblue.com\/legal\/privacypolicy\/\" target=\"_blank\" rel=\"noopener\">Datenschutzbedingungen<\/a> gespeichert werden. Deine Daten werden NICHT an Dritte weiter gegeben. Du kannst dich jederzeit aus dem Newsletter abmelden. <a href=\"https:\/\/moanawagner.com\/datenschutzerklaerung\/\" target=\"_blank\" rel=\"noopener\">Mehr Informationen zu Sendinblue und wie mit deinen Daten verfahren wird, findest du in unserer Datenschutzerkl\u00e4rung<\/a>.<\/p>\t\t\t\t\t\t\t\t<\/div>\n\t\t\t\t<\/div>\n\t\t\t\t\t<\/div>\n\t\t\t\t<\/aside>\n\t\t\t\t<\/div>\n\t\t","protected":false},"excerpt":{"rendered":"<p>M\u00f6chtest du mehr \u00fcber Face Yoga &amp; TCM erfahren? Dann abonniere jetzt meinen Glow-letter! Als Dankesch\u00f6n bekommst du eine Video-Anleitung zugeschickt, um die Spannungen des Tages im oberen Gesichtsbereich abzubauen und dich zu entspannen. * Mit dem Absenden deiner Anmeldung erkl\u00e4rst du dich einverstanden, dass deine Daten an meinen Maildienstleister Sendinblue zum Zwecke der Weiterverarbeitung [&hellip;]<\/p>\n","protected":false},"author":2,"featured_media":0,"parent":0,"menu_order":0,"comment_status":"closed","ping_status":"closed","template":"elementor_header_footer","meta":{"site-sidebar-layout":"no-sidebar","site-content-layout":"page-builder","ast-site-content-layout":"default","site-content-style":"default","site-sidebar-style":"default","ast-global-header-display":"","ast-banner-title-visibility":"","ast-main-header-display":"","ast-hfb-above-header-display":"","ast-hfb-below-header-display":"","ast-hfb-mobile-header-display":"","site-post-title":"disabled","ast-breadcrumbs-content":"","ast-featured-img":"disabled","footer-sml-layout":"","ast-disable-related-posts":"","theme-transparent-header-meta":"","adv-header-id-meta":"","stick-header-meta":"","header-above-stick-meta":"","header-main-stick-meta":"","header-below-stick-meta":"","astra-migrate-meta-layouts":"default","ast-page-background-enabled":"default","ast-page-background-meta":{"desktop":{"background-color":"var(--ast-global-color-4)","background-image":"","background-repeat":"repeat","background-position":"center center","background-size":"auto","background-attachment":"scroll","background-type":"","background-media":"","overlay-type":"","overlay-color":"","overlay-opacity":"","overlay-gradient":""},"tablet":{"background-color":"","background-image":"","background-repeat":"repeat","background-position":"center center","background-size":"auto","background-attachment":"scroll","background-type":"","background-media":"","overlay-type":"","overlay-color":"","overlay-opacity":"","overlay-gradient":""},"mobile":{"background-color":"","background-image":"","background-repeat":"repeat","background-position":"center center","background-size":"auto","background-attachment":"scroll","background-type":"","background-media":"","overlay-type":"","overlay-color":"","overlay-opacity":"","overlay-gradient":""}},"ast-content-background-meta":{"desktop":{"background-color":"var(--ast-global-color-5)","background-image":"","background-repeat":"repeat","background-position":"center center","background-size":"auto","background-attachment":"scroll","background-type":"","background-media":"","overlay-type":"","overlay-color":"","overlay-opacity":"","overlay-gradient":""},"tablet":{"background-color":"var(--ast-global-color-5)","background-image":"","background-repeat":"repeat","background-position":"center center","background-size":"auto","background-attachment":"scroll","background-type":"","background-media":"","overlay-type":"","overlay-color":"","overlay-opacity":"","overlay-gradient":""},"mobile":{"background-color":"var(--ast-global-color-5)","background-image":"","background-repeat":"repeat","background-position":"center center","background-size":"auto","background-attachment":"scroll","background-type":"","background-media":"","overlay-type":"","overlay-color":"","overlay-opacity":"","overlay-gradient":""}},"footnotes":""},"class_list":["post-4401","page","type-page","status-publish","hentry"],"yoast_head":"<!-- This site is optimized with the Yoast SEO plugin v27.5 - https:\/\/yoast.com\/product\/yoast-seo-wordpress\/ -->\n<title>Newsletter - Moana Wagner<\/title>\n<meta name=\"robots\" content=\"index, follow, max-snippet:-1, max-image-preview:large, max-video-preview:-1\" \/>\n<link rel=\"canonical\" href=\"https:\/\/moanawagner.com\/en\/newsletter\/\" \/>\n<meta property=\"og:locale\" content=\"en_US\" \/>\n<meta property=\"og:type\" content=\"article\" \/>\n<meta property=\"og:title\" content=\"Newsletter - Moana Wagner\" \/>\n<meta property=\"og:description\" content=\"M\u00f6chtest du mehr \u00fcber Face Yoga &amp; TCM erfahren? Dann abonniere jetzt meinen Glow-letter! Als Dankesch\u00f6n bekommst du eine Video-Anleitung zugeschickt, um die Spannungen des Tages im oberen Gesichtsbereich abzubauen und dich zu entspannen. * Mit dem Absenden deiner Anmeldung erkl\u00e4rst du dich einverstanden, dass deine Daten an meinen Maildienstleister Sendinblue zum Zwecke der Weiterverarbeitung [&hellip;]\" \/>\n<meta property=\"og:url\" content=\"https:\/\/moanawagner.com\/en\/newsletter\/\" \/>\n<meta property=\"og:site_name\" content=\"Moana Wagner\" \/>\n<meta property=\"article:modified_time\" content=\"2023-02-17T17:01:49+00:00\" \/>\n<meta name=\"twitter:card\" content=\"summary_large_image\" \/>\n<meta name=\"twitter:label1\" content=\"Est. reading time\" \/>\n\t<meta name=\"twitter:data1\" content=\"1 minute\" \/>\n<script type=\"application\/ld+json\" class=\"yoast-schema-graph\">{\"@context\":\"https:\\\/\\\/schema.org\",\"@graph\":[{\"@type\":\"WebPage\",\"@id\":\"https:\\\/\\\/moanawagner.com\\\/newsletter\\\/\",\"url\":\"https:\\\/\\\/moanawagner.com\\\/newsletter\\\/\",\"name\":\"Newsletter - Moana Wagner\",\"isPartOf\":{\"@id\":\"https:\\\/\\\/moanawagner.com\\\/#website\"},\"datePublished\":\"2022-08-20T21:21:20+00:00\",\"dateModified\":\"2023-02-17T17:01:49+00:00\",\"breadcrumb\":{\"@id\":\"https:\\\/\\\/moanawagner.com\\\/newsletter\\\/#breadcrumb\"},\"inLanguage\":\"en-US\",\"potentialAction\":[{\"@type\":\"ReadAction\",\"target\":[\"https:\\\/\\\/moanawagner.com\\\/newsletter\\\/\"]}]},{\"@type\":\"BreadcrumbList\",\"@id\":\"https:\\\/\\\/moanawagner.com\\\/newsletter\\\/#breadcrumb\",\"itemListElement\":[{\"@type\":\"ListItem\",\"position\":1,\"name\":\"Startseite\",\"item\":\"https:\\\/\\\/moanawagner.com\\\/\"},{\"@type\":\"ListItem\",\"position\":2,\"name\":\"Newsletter\"}]},{\"@type\":\"WebSite\",\"@id\":\"https:\\\/\\\/moanawagner.com\\\/#website\",\"url\":\"https:\\\/\\\/moanawagner.com\\\/\",\"name\":\"Moana Wagner\",\"description\":\"Face Yoga &amp; TCM - Empower your Goddess\",\"potentialAction\":[{\"@type\":\"SearchAction\",\"target\":{\"@type\":\"EntryPoint\",\"urlTemplate\":\"https:\\\/\\\/moanawagner.com\\\/?s={search_term_string}\"},\"query-input\":{\"@type\":\"PropertyValueSpecification\",\"valueRequired\":true,\"valueName\":\"search_term_string\"}}],\"inLanguage\":\"en-US\"}]}<\/script>\n<!-- \/ Yoast SEO plugin. -->","yoast_head_json":{"title":"Newsletter - Moana Wagner","robots":{"index":"index","follow":"follow","max-snippet":"max-snippet:-1","max-image-preview":"max-image-preview:large","max-video-preview":"max-video-preview:-1"},"canonical":"https:\/\/moanawagner.com\/en\/newsletter\/","og_locale":"en_US","og_type":"article","og_title":"Newsletter - Moana Wagner","og_description":"M\u00f6chtest du mehr \u00fcber Face Yoga &amp; TCM erfahren? Dann abonniere jetzt meinen Glow-letter! Als Dankesch\u00f6n bekommst du eine Video-Anleitung zugeschickt, um die Spannungen des Tages im oberen Gesichtsbereich abzubauen und dich zu entspannen. * Mit dem Absenden deiner Anmeldung erkl\u00e4rst du dich einverstanden, dass deine Daten an meinen Maildienstleister Sendinblue zum Zwecke der Weiterverarbeitung [&hellip;]","og_url":"https:\/\/moanawagner.com\/en\/newsletter\/","og_site_name":"Moana Wagner","article_modified_time":"2023-02-17T17:01:49+00:00","twitter_card":"summary_large_image","twitter_misc":{"Est. reading time":"1 minute"},"schema":{"@context":"https:\/\/schema.org","@graph":[{"@type":"WebPage","@id":"https:\/\/moanawagner.com\/newsletter\/","url":"https:\/\/moanawagner.com\/newsletter\/","name":"Newsletter - Moana Wagner","isPartOf":{"@id":"https:\/\/moanawagner.com\/#website"},"datePublished":"2022-08-20T21:21:20+00:00","dateModified":"2023-02-17T17:01:49+00:00","breadcrumb":{"@id":"https:\/\/moanawagner.com\/newsletter\/#breadcrumb"},"inLanguage":"en-US","potentialAction":[{"@type":"ReadAction","target":["https:\/\/moanawagner.com\/newsletter\/"]}]},{"@type":"BreadcrumbList","@id":"https:\/\/moanawagner.com\/newsletter\/#breadcrumb","itemListElement":[{"@type":"ListItem","position":1,"name":"Startseite","item":"https:\/\/moanawagner.com\/"},{"@type":"ListItem","position":2,"name":"Newsletter"}]},{"@type":"WebSite","@id":"https:\/\/moanawagner.com\/#website","url":"https:\/\/moanawagner.com\/","name":"Moana Wagner","description":"Face Yoga &amp; TCM - Empower your Goddess","potentialAction":[{"@type":"SearchAction","target":{"@type":"EntryPoint","urlTemplate":"https:\/\/moanawagner.com\/?s={search_term_string}"},"query-input":{"@type":"PropertyValueSpecification","valueRequired":true,"valueName":"search_term_string"}}],"inLanguage":"en-US"}]}},"jetpack_sharing_enabled":true,"_links":{"self":[{"href":"https:\/\/moanawagner.com\/en\/wp-json\/wp\/v2\/pages\/4401","targetHints":{"allow":["GET"]}}],"collection":[{"href":"https:\/\/moanawagner.com\/en\/wp-json\/wp\/v2\/pages"}],"about":[{"href":"https:\/\/moanawagner.com\/en\/wp-json\/wp\/v2\/types\/page"}],"author":[{"embeddable":true,"href":"https:\/\/moanawagner.com\/en\/wp-json\/wp\/v2\/users\/2"}],"replies":[{"embeddable":true,"href":"https:\/\/moanawagner.com\/en\/wp-json\/wp\/v2\/comments?post=4401"}],"version-history":[{"count":13,"href":"https:\/\/moanawagner.com\/en\/wp-json\/wp\/v2\/pages\/4401\/revisions"}],"predecessor-version":[{"id":5406,"href":"https:\/\/moanawagner.com\/en\/wp-json\/wp\/v2\/pages\/4401\/revisions\/5406"}],"wp:attachment":[{"href":"https:\/\/moanawagner.com\/en\/wp-json\/wp\/v2\/media?parent=4401"}],"curies":[{"name":"wp","href":"https:\/\/api.w.org\/{rel}","templated":true}]}}