{"id":1009,"date":"2021-02-14T10:50:06","date_gmt":"2021-02-14T09:50:06","guid":{"rendered":"https:\/\/moanawagner.com\/?page_id=1009"},"modified":"2022-03-02T17:35:05","modified_gmt":"2022-03-02T16:35:05","slug":"beauty-flow-das-basis-trainingsprogramm-fur-dein-gesicht","status":"publish","type":"page","link":"https:\/\/moanawagner.com\/en\/angebote\/beauty-flow-das-basis-trainingsprogramm-fur-dein-gesicht\/","title":{"rendered":"BEAUTY FLOW \u2013 DAS Basis-Trainingsprogramm f\u00fcr dein Gesicht\u200b"},"content":{"rendered":"<div data-elementor-type=\"wp-page\" data-elementor-id=\"1009\" class=\"elementor elementor-1009\" data-elementor-post-type=\"page\">\n\t\t\t\t\t\t<main class=\"elementor-section elementor-top-section elementor-element elementor-element-7a364ef elementor-section-height-min-height elementor-section-items-bottom elementor-section-full_width elementor-section-height-default\" data-id=\"7a364ef\" data-element_type=\"section\" data-e-type=\"section\" data-settings=\"{&quot;background_background&quot;:&quot;classic&quot;}\">\n\t\t\t\t\t\t<div class=\"elementor-container elementor-column-gap-default\">\n\t\t\t\t\t<div class=\"elementor-column elementor-col-100 elementor-top-column elementor-element elementor-element-2a6de06\" data-id=\"2a6de06\" data-element_type=\"column\" data-e-type=\"column\">\n\t\t\t<div class=\"elementor-widget-wrap elementor-element-populated\">\n\t\t\t\t\t\t<div class=\"elementor-element elementor-element-2f86eec elementor-widget elementor-widget-heading\" data-id=\"2f86eec\" data-element_type=\"widget\" data-e-type=\"widget\" data-widget_type=\"heading.default\">\n\t\t\t\t\t<h1 class=\"elementor-heading-title elementor-size-default\">basic Beauty Flow<\/h1>\t\t\t\t<\/div>\n\t\t\t\t<div class=\"elementor-element elementor-element-6919c77 elementor-widget elementor-widget-heading\" data-id=\"6919c77\" data-element_type=\"widget\" data-e-type=\"widget\" data-widget_type=\"heading.default\">\n\t\t\t\t\t<h1 class=\"elementor-heading-title elementor-size-default\">DAS Basis FACE YOGA Trainingsprogramm <\/h1>\t\t\t\t<\/div>\n\t\t\t\t<div class=\"elementor-element elementor-element-345f9d4 elementor-align-right elementor-mobile-align-right elementor-widget elementor-widget-button\" data-id=\"345f9d4\" data-element_type=\"widget\" data-e-type=\"widget\" data-widget_type=\"button.default\">\n\t\t\t\t\t\t\t\t\t\t<a class=\"elementor-button elementor-button-link elementor-size-sm\" href=\"#mehr\">\n\t\t\t\t\t\t<span class=\"elementor-button-content-wrapper\">\n\t\t\t\t\t\t\t\t\t<span class=\"elementor-button-text\">mehr erfahren<\/span>\n\t\t\t\t\t<\/span>\n\t\t\t\t\t<\/a>\n\t\t\t\t\t\t\t\t<\/div>\n\t\t\t\t<div class=\"elementor-element elementor-element-04fa706 elementor-widget elementor-widget-spacer\" data-id=\"04fa706\" data-element_type=\"widget\" data-e-type=\"widget\" data-widget_type=\"spacer.default\">\n\t\t\t\t\t\t\t<div class=\"elementor-spacer\">\n\t\t\t<div class=\"elementor-spacer-inner\"><\/div>\n\t\t<\/div>\n\t\t\t\t\t\t<\/div>\n\t\t\t\t\t<\/div>\n\t\t<\/div>\n\t\t\t\t\t<\/div>\n\t\t<\/main>\n\t\t\t\t<section class=\"elementor-section elementor-top-section elementor-element elementor-element-6599eb9 elementor-section-boxed elementor-section-height-default elementor-section-height-default\" data-id=\"6599eb9\" data-element_type=\"section\" data-e-type=\"section\">\n\t\t\t\t\t\t<div class=\"elementor-container elementor-column-gap-no\">\n\t\t\t\t\t<div class=\"elementor-column elementor-col-100 elementor-top-column elementor-element elementor-element-66d17b9\" data-id=\"66d17b9\" data-element_type=\"column\" data-e-type=\"column\">\n\t\t\t<div class=\"elementor-widget-wrap elementor-element-populated\">\n\t\t\t\t\t\t<div class=\"elementor-element elementor-element-32c409a elementor-widget elementor-widget-menu-anchor\" data-id=\"32c409a\" data-element_type=\"widget\" data-e-type=\"widget\" data-widget_type=\"menu-anchor.default\">\n\t\t\t\t\t\t\t<div class=\"elementor-menu-anchor\" id=\"mehr\"><\/div>\n\t\t\t\t\t\t<\/div>\n\t\t\t\t\t<\/div>\n\t\t<\/div>\n\t\t\t\t\t<\/div>\n\t\t<\/section>\n\t\t\t\t<main class=\"elementor-section elementor-top-section elementor-element elementor-element-908dc5a elementor-section-boxed elementor-section-height-default elementor-section-height-default\" data-id=\"908dc5a\" data-element_type=\"section\" data-e-type=\"section\">\n\t\t\t\t\t\t<div class=\"elementor-container elementor-column-gap-default\">\n\t\t\t\t\t<div class=\"elementor-column elementor-col-100 elementor-top-column elementor-element elementor-element-f766acf\" data-id=\"f766acf\" data-element_type=\"column\" data-e-type=\"column\">\n\t\t\t<div class=\"elementor-widget-wrap elementor-element-populated\">\n\t\t\t\t\t\t<div class=\"elementor-element elementor-element-dcbf3af elementor-widget elementor-widget-heading\" data-id=\"dcbf3af\" data-element_type=\"widget\" data-e-type=\"widget\" data-widget_type=\"heading.default\">\n\t\t\t\t\t<h2 class=\"elementor-heading-title elementor-size-default\">basic BEAUTY FLOW \u2013 DAS Basis-Trainingsprogramm f\u00fcr dein Gesicht\u200b<\/h2>\t\t\t\t<\/div>\n\t\t\t\t<div class=\"elementor-element elementor-element-ca8eb17 elementor-widget elementor-widget-text-editor\" data-id=\"ca8eb17\" data-element_type=\"widget\" data-e-type=\"widget\" data-widget_type=\"text-editor.default\">\n\t\t\t\t\t\t\t\t\t<p>Der <em>basic<\/em> <i>BEAUTY FLOW<\/i> ist DAS Online-Programm f\u00fcr dein Gesicht und der optimale Start in deine Verj\u00fcngungs- und G\u00f6ttinnen Reise.<\/p>\t\t\t\t\t\t\t\t<\/div>\n\t\t\t\t<div class=\"elementor-element elementor-element-46cedcd elementor-widget elementor-widget-text-editor\" data-id=\"46cedcd\" data-element_type=\"widget\" data-e-type=\"widget\" data-widget_type=\"text-editor.default\">\n\t\t\t\t\t\t\t\t\t<p>Dieses Programm mit seinen 15 \u00dcbungen ist so aufgebaut, dass die mehr als 50 Muskeln in Gesicht, Hals und Sch\u00e4del aktiviert und trainiert werden.<\/p><p>Die darin enthaltenen 15 \u00dcbungen erreichen alle Bereiche deines Gesichtes wie Stirn, Augenpartie, Wangen, Kinn und Hals.<\/p><p>Dar\u00fcber hinaus erh\u00e4ltst du wertvolle Einblicke in die Traditionelle Chinesische Medizin und kannst dich selbst, einem dir innewohnenden \u201eTyp\u201c, basierend auf der 5-Elemente-Lehre, zuordnen und dich neu kennenlernen.<\/p>\t\t\t\t\t\t\t\t<\/div>\n\t\t\t\t\t<\/div>\n\t\t<\/div>\n\t\t\t\t\t<\/div>\n\t\t<\/main>\n\t\t\t\t<main class=\"elementor-section elementor-top-section elementor-element elementor-element-e733a33 elementor-section-boxed elementor-section-height-default elementor-section-height-default\" data-id=\"e733a33\" data-element_type=\"section\" data-e-type=\"section\" data-settings=\"{&quot;background_background&quot;:&quot;classic&quot;}\">\n\t\t\t\t\t\t\t<div class=\"elementor-background-overlay\"><\/div>\n\t\t\t\t\t\t\t<div class=\"elementor-container elementor-column-gap-default\">\n\t\t\t\t\t<div class=\"elementor-column elementor-col-100 elementor-top-column elementor-element elementor-element-270f650\" data-id=\"270f650\" data-element_type=\"column\" data-e-type=\"column\">\n\t\t\t<div class=\"elementor-widget-wrap elementor-element-populated\">\n\t\t\t\t\t\t<div class=\"elementor-element elementor-element-f7a9cb7 elementor-widget elementor-widget-heading\" data-id=\"f7a9cb7\" data-element_type=\"widget\" data-e-type=\"widget\" data-widget_type=\"heading.default\">\n\t\t\t\t\t<h3 class=\"elementor-heading-title elementor-size-default\">Was macht den basic BEAUTY FLOW so effektiv?\u200b<\/h3>\t\t\t\t<\/div>\n\t\t\t\t<div class=\"elementor-element elementor-element-61faa91 elementor-widget elementor-widget-text-editor\" data-id=\"61faa91\" data-element_type=\"widget\" data-e-type=\"widget\" data-widget_type=\"text-editor.default\">\n\t\t\t\t\t\t\t\t\t<p>Die Grundlagen und der pr\u00e4zise Aufbau der \u00dcbungen basieren auf fundierten Kenntnissen der Gesichtsanatomie. Die gro\u00dfe Wirksamkeit der \u00dcbungen erfolgt durch die Tatsache, dass die Gesichtsmuskeln stark miteinander verbunden sind und sich gegenseitig beeinflussen. <br \/>Durch das Absolvieren der \u00dcbungen in exakter Reihenfolge, bei denen die gr\u00f6\u00dften Muskeln zuerst trainiert werden, lassen sich die bestm\u00f6glichen Ergebnisse erzielen.<\/p><p>Der <em>basic<\/em> <i>BEAUTY FLOW<\/i> bietet dir eine gef\u00fchrte Schritt-f\u00fcr-Schritt-Anleitung f\u00fcr jede der 15 \u00dcbungen.<br \/>Du erh\u00e4ltst damit ein sicheres und effektives Training, mit dem du ein Tool in die Hand bekommst, um deine Gesichtsmuskeln zu aktivieren und zu schulen. <br \/>Erziele damit nicht nur die bestm\u00f6glichen Ergebnisse, sondern sp\u00fcre alle Vorteile auf <br \/>ganzheitliche Weise.<\/p><p>Nach dem Absolvieren des <em>basic\u00a0<\/em><i>BEAUTY FLOW<\/i> hast du die M\u00f6glichkeit weiter zu machen, wie im Training beschrieben oder du gehst in einer <i>FACE 2 FACE<\/i> Coaching Stunde mit mir in die Tiefe und bekommst einen individualisierten Trainingsplan, der auf dein Gesicht zugeschnitten ist.\u00a0<\/p><p>Leg los, starte deine G\u00f6ttinnen Reise und beginne zu strahlen!<\/p>\t\t\t\t\t\t\t\t<\/div>\n\t\t\t\t<div class=\"elementor-element elementor-element-faabf4e elementor-widget elementor-widget-button\" data-id=\"faabf4e\" data-element_type=\"widget\" data-e-type=\"widget\" data-widget_type=\"button.default\">\n\t\t\t\t\t\t\t\t\t\t<a class=\"elementor-button elementor-button-link elementor-size-sm\" href=\"#buchen\">\n\t\t\t\t\t\t<span class=\"elementor-button-content-wrapper\">\n\t\t\t\t\t\t\t\t\t<span class=\"elementor-button-text\">BEAUTY FLOW - Basisprogramm buchen<\/span>\n\t\t\t\t\t<\/span>\n\t\t\t\t\t<\/a>\n\t\t\t\t\t\t\t\t<\/div>\n\t\t\t\t\t<\/div>\n\t\t<\/div>\n\t\t\t\t\t<\/div>\n\t\t<\/main>\n\t\t\t\t<main class=\"elementor-section elementor-top-section elementor-element elementor-element-aa66e27 elementor-section-boxed elementor-section-height-default elementor-section-height-default\" data-id=\"aa66e27\" data-element_type=\"section\" data-e-type=\"section\">\n\t\t\t\t\t\t<div class=\"elementor-container elementor-column-gap-default\">\n\t\t\t\t\t<div class=\"elementor-column elementor-col-100 elementor-top-column elementor-element elementor-element-0907298\" data-id=\"0907298\" data-element_type=\"column\" data-e-type=\"column\">\n\t\t\t<div class=\"elementor-widget-wrap elementor-element-populated\">\n\t\t\t\t\t\t<div class=\"elementor-element elementor-element-7953c66 elementor-widget elementor-widget-heading\" data-id=\"7953c66\" data-element_type=\"widget\" data-e-type=\"widget\" data-widget_type=\"heading.default\">\n\t\t\t\t\t<h3 class=\"elementor-heading-title elementor-size-default\">Das Basis - Face Yoga Programm auf einen Blick<\/h3>\t\t\t\t<\/div>\n\t\t\t\t<div class=\"elementor-element elementor-element-06c77c0 elementor-widget elementor-widget-text-editor\" data-id=\"06c77c0\" data-element_type=\"widget\" data-e-type=\"widget\" data-widget_type=\"text-editor.default\">\n\t\t\t\t\t\t\t\t\t<p>Der Kern des <em>basic<\/em> <i>BEAUTY FLOW<\/i> ist, dich selbst zu erm\u00e4chtigen, dein Training zu starten und deine Gesichtsmuskeln zu aktivieren und zu st\u00e4rken. Damit kann Face Yoga eine neue und wertvolle Routine in deinem Alltag werden, die dich bef\u00e4higt, nat\u00fcrliche Kontrolle \u00fcber dein Gesicht und somit \u00fcber dein Aussehen zu erhalten.<\/p>\t\t\t\t\t\t\t\t<\/div>\n\t\t\t\t<div class=\"elementor-element elementor-element-7f90ca6 elementor-widget elementor-widget-text-editor\" data-id=\"7f90ca6\" data-element_type=\"widget\" data-e-type=\"widget\" data-widget_type=\"text-editor.default\">\n\t\t\t\t\t\t\t\t\t<p>Klicke jetzt auf die goldene Schaltfl\u00e4che \u201eJetzt Bestellen\u201c um sofort das 1. Modul deiner G\u00f6ttinnen Reise zu beginnen. Das Beste daran? Das Programm bleibt dir f\u00fcr immer!<\/p>\t\t\t\t\t\t\t\t<\/div>\n\t\t\t\t\t<\/div>\n\t\t<\/div>\n\t\t\t\t\t<\/div>\n\t\t<\/main>\n\t\t\t\t<section class=\"elementor-section elementor-top-section elementor-element elementor-element-d6daaef elementor-section-boxed elementor-section-height-default elementor-section-height-default\" data-id=\"d6daaef\" data-element_type=\"section\" data-e-type=\"section\">\n\t\t\t\t\t\t<div class=\"elementor-container elementor-column-gap-no\">\n\t\t\t\t\t<div class=\"elementor-column elementor-col-100 elementor-top-column elementor-element elementor-element-1f33f62\" data-id=\"1f33f62\" data-element_type=\"column\" data-e-type=\"column\">\n\t\t\t<div class=\"elementor-widget-wrap elementor-element-populated\">\n\t\t\t\t\t\t<div class=\"elementor-element elementor-element-c952836 elementor-widget elementor-widget-menu-anchor\" data-id=\"c952836\" data-element_type=\"widget\" data-e-type=\"widget\" data-widget_type=\"menu-anchor.default\">\n\t\t\t\t\t\t\t<div class=\"elementor-menu-anchor\" id=\"buchen\"><\/div>\n\t\t\t\t\t\t<\/div>\n\t\t\t\t\t<\/div>\n\t\t<\/div>\n\t\t\t\t\t<\/div>\n\t\t<\/section>\n\t\t\t\t<main class=\"elementor-section elementor-top-section elementor-element elementor-element-e945adf elementor-section-boxed elementor-section-height-default elementor-section-height-default\" data-id=\"e945adf\" data-element_type=\"section\" data-e-type=\"section\" data-settings=\"{&quot;background_background&quot;:&quot;classic&quot;}\">\n\t\t\t\t\t\t\t<div class=\"elementor-background-overlay\"><\/div>\n\t\t\t\t\t\t\t<div class=\"elementor-container elementor-column-gap-default\">\n\t\t\t\t\t<div class=\"elementor-column elementor-col-100 elementor-top-column elementor-element elementor-element-7875a0b\" data-id=\"7875a0b\" data-element_type=\"column\" data-e-type=\"column\">\n\t\t\t<div class=\"elementor-widget-wrap elementor-element-populated\">\n\t\t\t\t\t\t<div class=\"elementor-element elementor-element-922659d elementor-widget elementor-widget-heading\" data-id=\"922659d\" data-element_type=\"widget\" data-e-type=\"widget\" data-widget_type=\"heading.default\">\n\t\t\t\t\t<h2 class=\"elementor-heading-title elementor-size-default\">Hol dir jetzt mein BASIS Face Yoga - Trainingsprogramm<\/h2>\t\t\t\t<\/div>\n\t\t\t\t<div class=\"elementor-element elementor-element-7a0750c elementor-widget elementor-widget-text-editor\" data-id=\"7a0750c\" data-element_type=\"widget\" data-e-type=\"widget\" data-widget_type=\"text-editor.default\">\n\t\t\t\t\t\t\t\t\t<p>Der Kurs unterst\u00fctzt dich anschaulich und dauerhaft Face Yoga in deinen \nAlltag zu integrieren, die Resultate sind jedoch so individuell wie du \nselbst.&nbsp; Ich habe sehr viel Zeit, Energie und Geld in mich (und somit meine Programme) investiert und bin jetzt f\u00fcr dich da, mein gesamtes Wissen geb\u00fcndelt an dich weiterzugeben. <br><\/p>\t\t\t\t\t\t\t\t<\/div>\n\t\t\t\t<div class=\"elementor-element elementor-element-d78c79c elementor-widget elementor-widget-button\" data-id=\"d78c79c\" data-element_type=\"widget\" data-e-type=\"widget\" data-widget_type=\"button.default\">\n\t\t\t\t\t\t\t\t\t\t<a class=\"elementor-button elementor-button-link elementor-size-sm\" href=\"https:\/\/moanawagner.com\/en\/shop\/beauty-flow-basis%e2%80%8b-face-yoga-kurs\/\">\n\t\t\t\t\t\t<span class=\"elementor-button-content-wrapper\">\n\t\t\t\t\t\t\t\t\t<span class=\"elementor-button-text\">BEAUTY FLOW - Basisprogramm buchen<\/span>\n\t\t\t\t\t<\/span>\n\t\t\t\t\t<\/a>\n\t\t\t\t\t\t\t\t<\/div>\n\t\t\t\t<div class=\"elementor-element elementor-element-4957564 elementor-widget elementor-widget-text-editor\" data-id=\"4957564\" data-element_type=\"widget\" data-e-type=\"widget\" data-widget_type=\"text-editor.default\">\n\t\t\t\t\t\t\t\t\tNach dem Klick wirst du direkt auf die Bestellseite weitergeleitet, wo du deine bevorzugte Zahlungsmethode ausw\u00e4hlen kannst. Nach erfolgreicher Bezahlung bekommst du automatisch die Zugangsdaten per Mail zugesendet und du kannst sofort loslegen.\nWenn du Fragen hast, bin ich gerne f\u00fcr dich da. Schreibe eine Mail an <a href=\"mailto:mail@moanawagner.com\">info@moanawagner.com<\/a>\t\t\t\t\t\t\t\t<\/div>\n\t\t\t\t\t<\/div>\n\t\t<\/div>\n\t\t\t\t\t<\/div>\n\t\t<\/main>\n\t\t\t\t<\/div>","protected":false},"excerpt":{"rendered":"<p>basic Beauty Flow DAS Basis FACE YOGA Trainingsprogramm mehr erfahren basic BEAUTY FLOW \u2013 DAS Basis-Trainingsprogramm f\u00fcr dein Gesicht\u200b Der basic BEAUTY FLOW ist DAS Online-Programm f\u00fcr dein Gesicht und der optimale Start in deine Verj\u00fcngungs- und G\u00f6ttinnen Reise. Dieses Programm mit seinen 15 \u00dcbungen ist so aufgebaut, dass die mehr als 50 Muskeln in [&hellip;]<\/p>\n","protected":false},"author":2,"featured_media":0,"parent":968,"menu_order":0,"comment_status":"closed","ping_status":"closed","template":"elementor_header_footer","meta":{"site-sidebar-layout":"default","site-content-layout":"","ast-site-content-layout":"default","site-content-style":"default","site-sidebar-style":"default","ast-global-header-display":"","ast-banner-title-visibility":"","ast-main-header-display":"","ast-hfb-above-header-display":"","ast-hfb-below-header-display":"","ast-hfb-mobile-header-display":"","site-post-title":"","ast-breadcrumbs-content":"","ast-featured-img":"","footer-sml-layout":"","ast-disable-related-posts":"","theme-transparent-header-meta":"","adv-header-id-meta":"","stick-header-meta":"","header-above-stick-meta":"","header-main-stick-meta":"","header-below-stick-meta":"","astra-migrate-meta-layouts":"default","ast-page-background-enabled":"default","ast-page-background-meta":{"desktop":{"background-color":"var(--ast-global-color-4)","background-image":"","background-repeat":"repeat","background-position":"center center","background-size":"auto","background-attachment":"scroll","background-type":"","background-media":"","overlay-type":"","overlay-color":"","overlay-opacity":"","overlay-gradient":""},"tablet":{"background-color":"","background-image":"","background-repeat":"repeat","background-position":"center center","background-size":"auto","background-attachment":"scroll","background-type":"","background-media":"","overlay-type":"","overlay-color":"","overlay-opacity":"","overlay-gradient":""},"mobile":{"background-color":"","background-image":"","background-repeat":"repeat","background-position":"center center","background-size":"auto","background-attachment":"scroll","background-type":"","background-media":"","overlay-type":"","overlay-color":"","overlay-opacity":"","overlay-gradient":""}},"ast-content-background-meta":{"desktop":{"background-color":"var(--ast-global-color-5)","background-image":"","background-repeat":"repeat","background-position":"center center","background-size":"auto","background-attachment":"scroll","background-type":"","background-media":"","overlay-type":"","overlay-color":"","overlay-opacity":"","overlay-gradient":""},"tablet":{"background-color":"var(--ast-global-color-5)","background-image":"","background-repeat":"repeat","background-position":"center center","background-size":"auto","background-attachment":"scroll","background-type":"","background-media":"","overlay-type":"","overlay-color":"","overlay-opacity":"","overlay-gradient":""},"mobile":{"background-color":"var(--ast-global-color-5)","background-image":"","background-repeat":"repeat","background-position":"center center","background-size":"auto","background-attachment":"scroll","background-type":"","background-media":"","overlay-type":"","overlay-color":"","overlay-opacity":"","overlay-gradient":""}},"footnotes":""},"class_list":["post-1009","page","type-page","status-publish","hentry"],"yoast_head":"<!-- This site is optimized with the Yoast SEO plugin v27.3 - https:\/\/yoast.com\/product\/yoast-seo-wordpress\/ -->\n<title>BEAUTY FLOW \u2013 DAS Basis-Trainingsprogramm f\u00fcr dein Gesicht\u200b - Moana Wagner<\/title>\n<meta name=\"robots\" content=\"index, follow, max-snippet:-1, max-image-preview:large, max-video-preview:-1\" \/>\n<link rel=\"canonical\" href=\"https:\/\/moanawagner.com\/en\/angebote\/beauty-flow-das-basis-trainingsprogramm-fur-dein-gesicht\/\" \/>\n<meta property=\"og:locale\" content=\"en_US\" \/>\n<meta property=\"og:type\" content=\"article\" \/>\n<meta property=\"og:title\" content=\"BEAUTY FLOW \u2013 DAS Basis-Trainingsprogramm f\u00fcr dein Gesicht\u200b - Moana Wagner\" \/>\n<meta property=\"og:description\" content=\"basic Beauty Flow DAS Basis FACE YOGA Trainingsprogramm mehr erfahren basic BEAUTY FLOW \u2013 DAS Basis-Trainingsprogramm f\u00fcr dein Gesicht\u200b Der basic BEAUTY FLOW ist DAS Online-Programm f\u00fcr dein Gesicht und der optimale Start in deine Verj\u00fcngungs- und G\u00f6ttinnen Reise. Dieses Programm mit seinen 15 \u00dcbungen ist so aufgebaut, dass die mehr als 50 Muskeln in [&hellip;]\" \/>\n<meta property=\"og:url\" content=\"https:\/\/moanawagner.com\/en\/angebote\/beauty-flow-das-basis-trainingsprogramm-fur-dein-gesicht\/\" \/>\n<meta property=\"og:site_name\" content=\"Moana Wagner\" \/>\n<meta property=\"article:modified_time\" content=\"2022-03-02T16:35:05+00:00\" \/>\n<meta name=\"twitter:card\" content=\"summary_large_image\" \/>\n<meta name=\"twitter:label1\" content=\"Est. reading time\" \/>\n\t<meta name=\"twitter:data1\" content=\"3 minutes\" \/>\n<script type=\"application\/ld+json\" class=\"yoast-schema-graph\">{\"@context\":\"https:\\\/\\\/schema.org\",\"@graph\":[{\"@type\":\"WebPage\",\"@id\":\"https:\\\/\\\/moanawagner.com\\\/angebote\\\/beauty-flow-das-basis-trainingsprogramm-fur-dein-gesicht\\\/\",\"url\":\"https:\\\/\\\/moanawagner.com\\\/angebote\\\/beauty-flow-das-basis-trainingsprogramm-fur-dein-gesicht\\\/\",\"name\":\"BEAUTY FLOW \u2013 DAS Basis-Trainingsprogramm f\u00fcr dein Gesicht\u200b - Moana Wagner\",\"isPartOf\":{\"@id\":\"https:\\\/\\\/moanawagner.com\\\/#website\"},\"datePublished\":\"2021-02-14T09:50:06+00:00\",\"dateModified\":\"2022-03-02T16:35:05+00:00\",\"breadcrumb\":{\"@id\":\"https:\\\/\\\/moanawagner.com\\\/angebote\\\/beauty-flow-das-basis-trainingsprogramm-fur-dein-gesicht\\\/#breadcrumb\"},\"inLanguage\":\"en-US\",\"potentialAction\":[{\"@type\":\"ReadAction\",\"target\":[\"https:\\\/\\\/moanawagner.com\\\/angebote\\\/beauty-flow-das-basis-trainingsprogramm-fur-dein-gesicht\\\/\"]}]},{\"@type\":\"BreadcrumbList\",\"@id\":\"https:\\\/\\\/moanawagner.com\\\/angebote\\\/beauty-flow-das-basis-trainingsprogramm-fur-dein-gesicht\\\/#breadcrumb\",\"itemListElement\":[{\"@type\":\"ListItem\",\"position\":1,\"name\":\"Startseite\",\"item\":\"https:\\\/\\\/moanawagner.com\\\/\"},{\"@type\":\"ListItem\",\"position\":2,\"name\":\"Angebote\",\"item\":\"https:\\\/\\\/moanawagner.com\\\/angebote\\\/\"},{\"@type\":\"ListItem\",\"position\":3,\"name\":\"BEAUTY FLOW \u2013 DAS Basis-Trainingsprogramm f\u00fcr dein Gesicht\u200b\"}]},{\"@type\":\"WebSite\",\"@id\":\"https:\\\/\\\/moanawagner.com\\\/#website\",\"url\":\"https:\\\/\\\/moanawagner.com\\\/\",\"name\":\"Moana Wagner\",\"description\":\"Face Yoga &amp; TCM - Empower your Goddess\",\"potentialAction\":[{\"@type\":\"SearchAction\",\"target\":{\"@type\":\"EntryPoint\",\"urlTemplate\":\"https:\\\/\\\/moanawagner.com\\\/?s={search_term_string}\"},\"query-input\":{\"@type\":\"PropertyValueSpecification\",\"valueRequired\":true,\"valueName\":\"search_term_string\"}}],\"inLanguage\":\"en-US\"}]}<\/script>\n<!-- \/ Yoast SEO plugin. -->","yoast_head_json":{"title":"BEAUTY FLOW \u2013 DAS Basis-Trainingsprogramm f\u00fcr dein Gesicht\u200b - Moana Wagner","robots":{"index":"index","follow":"follow","max-snippet":"max-snippet:-1","max-image-preview":"max-image-preview:large","max-video-preview":"max-video-preview:-1"},"canonical":"https:\/\/moanawagner.com\/en\/angebote\/beauty-flow-das-basis-trainingsprogramm-fur-dein-gesicht\/","og_locale":"en_US","og_type":"article","og_title":"BEAUTY FLOW \u2013 DAS Basis-Trainingsprogramm f\u00fcr dein Gesicht\u200b - Moana Wagner","og_description":"basic Beauty Flow DAS Basis FACE YOGA Trainingsprogramm mehr erfahren basic BEAUTY FLOW \u2013 DAS Basis-Trainingsprogramm f\u00fcr dein Gesicht\u200b Der basic BEAUTY FLOW ist DAS Online-Programm f\u00fcr dein Gesicht und der optimale Start in deine Verj\u00fcngungs- und G\u00f6ttinnen Reise. Dieses Programm mit seinen 15 \u00dcbungen ist so aufgebaut, dass die mehr als 50 Muskeln in [&hellip;]","og_url":"https:\/\/moanawagner.com\/en\/angebote\/beauty-flow-das-basis-trainingsprogramm-fur-dein-gesicht\/","og_site_name":"Moana Wagner","article_modified_time":"2022-03-02T16:35:05+00:00","twitter_card":"summary_large_image","twitter_misc":{"Est. reading time":"3 minutes"},"schema":{"@context":"https:\/\/schema.org","@graph":[{"@type":"WebPage","@id":"https:\/\/moanawagner.com\/angebote\/beauty-flow-das-basis-trainingsprogramm-fur-dein-gesicht\/","url":"https:\/\/moanawagner.com\/angebote\/beauty-flow-das-basis-trainingsprogramm-fur-dein-gesicht\/","name":"BEAUTY FLOW \u2013 DAS Basis-Trainingsprogramm f\u00fcr dein Gesicht\u200b - Moana Wagner","isPartOf":{"@id":"https:\/\/moanawagner.com\/#website"},"datePublished":"2021-02-14T09:50:06+00:00","dateModified":"2022-03-02T16:35:05+00:00","breadcrumb":{"@id":"https:\/\/moanawagner.com\/angebote\/beauty-flow-das-basis-trainingsprogramm-fur-dein-gesicht\/#breadcrumb"},"inLanguage":"en-US","potentialAction":[{"@type":"ReadAction","target":["https:\/\/moanawagner.com\/angebote\/beauty-flow-das-basis-trainingsprogramm-fur-dein-gesicht\/"]}]},{"@type":"BreadcrumbList","@id":"https:\/\/moanawagner.com\/angebote\/beauty-flow-das-basis-trainingsprogramm-fur-dein-gesicht\/#breadcrumb","itemListElement":[{"@type":"ListItem","position":1,"name":"Startseite","item":"https:\/\/moanawagner.com\/"},{"@type":"ListItem","position":2,"name":"Angebote","item":"https:\/\/moanawagner.com\/angebote\/"},{"@type":"ListItem","position":3,"name":"BEAUTY FLOW \u2013 DAS Basis-Trainingsprogramm f\u00fcr dein Gesicht\u200b"}]},{"@type":"WebSite","@id":"https:\/\/moanawagner.com\/#website","url":"https:\/\/moanawagner.com\/","name":"Moana Wagner","description":"Face Yoga &amp; TCM - Empower your Goddess","potentialAction":[{"@type":"SearchAction","target":{"@type":"EntryPoint","urlTemplate":"https:\/\/moanawagner.com\/?s={search_term_string}"},"query-input":{"@type":"PropertyValueSpecification","valueRequired":true,"valueName":"search_term_string"}}],"inLanguage":"en-US"}]}},"jetpack_sharing_enabled":true,"_links":{"self":[{"href":"https:\/\/moanawagner.com\/en\/wp-json\/wp\/v2\/pages\/1009","targetHints":{"allow":["GET"]}}],"collection":[{"href":"https:\/\/moanawagner.com\/en\/wp-json\/wp\/v2\/pages"}],"about":[{"href":"https:\/\/moanawagner.com\/en\/wp-json\/wp\/v2\/types\/page"}],"author":[{"embeddable":true,"href":"https:\/\/moanawagner.com\/en\/wp-json\/wp\/v2\/users\/2"}],"replies":[{"embeddable":true,"href":"https:\/\/moanawagner.com\/en\/wp-json\/wp\/v2\/comments?post=1009"}],"version-history":[{"count":112,"href":"https:\/\/moanawagner.com\/en\/wp-json\/wp\/v2\/pages\/1009\/revisions"}],"predecessor-version":[{"id":3772,"href":"https:\/\/moanawagner.com\/en\/wp-json\/wp\/v2\/pages\/1009\/revisions\/3772"}],"up":[{"embeddable":true,"href":"https:\/\/moanawagner.com\/en\/wp-json\/wp\/v2\/pages\/968"}],"wp:attachment":[{"href":"https:\/\/moanawagner.com\/en\/wp-json\/wp\/v2\/media?parent=1009"}],"curies":[{"name":"wp","href":"https:\/\/api.w.org\/{rel}","templated":true}]}}